{"id":124675,"date":"2022-02-10T16:08:50","date_gmt":"2022-02-10T14:08:50","guid":{"rendered":"https:\/\/www.homecookingadventure.com\/acerca-de\/"},"modified":"2025-03-04T19:07:52","modified_gmt":"2025-03-04T17:07:52","slug":"acerca-de","status":"publish","type":"page","link":"https:\/\/www.homecookingadventure.com\/es\/acerca-de\/","title":{"rendered":"Qui\u00e9nes somos"},"content":{"rendered":"<!-- wp:cover {\"url\":\"https:\/\/www.homecookingadventure.com\/wp-content\/uploads\/2022\/01\/cream_tart_main_1.jpg\",\"id\":4643,\"hasParallax\":true,\"dimRatio\":50,\"overlayColor\":\"black\",\"minHeight\":430,\"minHeightUnit\":\"px\",\"contentPosition\":\"center center\",\"isDark\":false,\"align\":\"full\"} -->\n<div class=\"wp-block-cover alignfull is-light has-parallax\" style=\"min-height:430px\"><span aria-hidden=\"true\" class=\"wp-block-cover__background has-black-background-color has-background-dim\"><\/span><div role=\"img\" class=\"wp-block-cover__image-background wp-image-4643 has-parallax\" style=\"background-position:50% 50%;background-image:url(https:\/\/www.homecookingadventure.com\/wp-content\/uploads\/2022\/01\/cream_tart_main_1.jpg)\"><\/div><div class=\"wp-block-cover__inner-container\"><!-- wp:heading {\"textAlign\":\"center\",\"textColor\":\"white\",\"translatedWithWPMLTM\":\"1\"} -->\n<h2 class=\"wp-block-heading has-text-align-center has-white-color has-text-color\">\u00a1Hola a todos y bienvenidos! Soy Daniela Marincus (Ella), la cocinera y fot\u00f3grafa detr\u00e1s de Home Cooking Adventure. <\/h2>\n<!-- \/wp:heading -->\n\n<!-- wp:paragraph -->\n<p><\/p>\n<!-- \/wp:paragraph -->\n\n<!-- wp:heading {\"textAlign\":\"center\",\"level\":5,\"textColor\":\"white\",\"translatedWithWPMLTM\":\"1\"} -->\n<h5 class=\"wp-block-heading has-text-align-center has-white-color has-text-color\"><em>Creo que la cocina es para todos. Puede llevar tiempo, pero es una aventura, un viaje salvaje, una experiencia gratificante y deliciosa que pronto se convertir\u00e1 en un placer cautivador. <\/em><\/h5>\n<!-- \/wp:heading --><\/div><\/div>\n<!-- \/wp:cover --><!-- wp:quote {\"align\":\"center\",\"className\":\"is-style-default\",\"translatedWithWPMLTM\":\"1\"} -->\n<blockquote class=\"wp-block-quote has-text-align-center is-style-default\"><!-- wp:paragraph {\"translatedWithWPMLTM\":\"1\"} -->\n<p>Cocinar es como pintar o escribir una canci\u00f3n.  <br\/>Igual que s\u00f3lo hay un n\u00famero determinado de notas o colores, s\u00f3lo hay un n\u00famero determinado de sabores: lo que te distingue es c\u00f3mo los combinas\".<\/p>\n<!-- \/wp:paragraph --><cite>- Wolfgang Puck<\/cite><\/blockquote>\n<!-- \/wp:quote --><!-- wp:gallery {\"linkTo\":\"none\"} -->\n<figure class=\"wp-block-gallery has-nested-images columns-default is-cropped\"><!-- wp:image {\"id\":25335,\"sizeSlug\":\"full\",\"linkDestination\":\"none\",\"className\":\"is-style-default\",\"translatedWithWPMLTM\":\"1\"} -->\n<figure class=\"wp-block-image size-full is-style-default\"><img src=\"https:\/\/www.homecookingadventure.com\/wp-content\/uploads\/2023\/02\/Ella-holding-a-Chocolate-Tres-Leches-Cake-Behind-the-scene-copy.webp\" alt=\"Ella en el Estudio de la Aventura de Cocinar en Casa\" class=\"wp-image-25335\"\/><\/figure>\n<!-- \/wp:image -->\n\n<!-- wp:image {\"id\":25325,\"sizeSlug\":\"full\",\"linkDestination\":\"none\",\"className\":\"is-style-default\",\"translatedWithWPMLTM\":\"1\"} -->\n<figure class=\"wp-block-image size-full is-style-default\"><img src=\"https:\/\/www.homecookingadventure.com\/wp-content\/uploads\/2023\/02\/Home-Cooking-Adventure-behind-the-scene-studio-copy.webp\" alt=\"Aventura de Cocina Casera Foto de estudio entre bastidores\" class=\"wp-image-25325\"\/><\/figure>\n<!-- \/wp:image --><\/figure>\n<!-- \/wp:gallery --><!-- wp:media-text {\"align\":\"wide\",\"mediaPosition\":\"right\",\"mediaId\":15461,\"mediaLink\":\"https:\/\/www.homecookingadventure.com\/about-us\/ella-home-cookig-adventure-about-1\/\",\"mediaType\":\"image\",\"style\":{\"color\":{\"background\":\"#f1f1f1\"}},\"translatedWithWPMLTM\":\"1\"} -->\n<div class=\"wp-block-media-text alignwide has-media-on-the-right is-stacked-on-mobile has-background\" style=\"background-color:#f1f1f1\"><div class=\"wp-block-media-text__content\"><!-- wp:heading {\"level\":4,\"translatedWithWPMLTM\":\"1\"} -->\n<h4 class=\"wp-block-heading\"><strong>SOBRE DANIELA MARINCUS<\/strong> (ELLA)<\/h4>\n<!-- \/wp:heading -->\n\n<!-- wp:paragraph {\"placeholder\":\"Content\u2026\",\"fontSize\":\"medium\",\"translatedWithWPMLTM\":\"1\"} -->\n<p class=\"has-medium-font-size\">Empec\u00e9 este blog\/sitio web en la primavera de 2011 para compartir contigo mi pasi\u00f3n por la cocina a trav\u00e9s de mis peque\u00f1as aventuras en la cocina. Como cocinar me relaja, me encanta hablar con amigos y familiares sobre comida y compartir recetas. Empec\u00e9 a amar la cocina sobre todo porque la comida casera es m\u00e1s fresca, mejor y m\u00e1s sana. Parece que hoy en d\u00eda se ha convertido en un lujo que pocos pueden permitirse. Nuestras vidas parecen abrumadoramente ajetreadas y la \"comida r\u00e1pida\" es un t\u00e9rmino com\u00fan en este mundo agitado.    <\/p>\n<!-- \/wp:paragraph -->\n\n<!-- wp:paragraph {\"fontSize\":\"medium\",\"translatedWithWPMLTM\":\"1\"} -->\n<p class=\"has-medium-font-size\">Descubr\u00ed que me siento desafiada al intentar hacer comida desde cero, como aprender a hacer pan de masa madre o hacer mi masa de reposter\u00eda en lugar de comprarla. Adem\u00e1s, descubr\u00ed que me gusta mucho trabajar con harina, por lo que hornear es una de mis partes favoritas de la cocina. <\/p>\n<!-- \/wp:paragraph -->\n\n<!-- wp:paragraph {\"translatedWithWPMLTM\":\"1\"} -->\n<p><strong>B\u00fascame en otra parte:<\/strong><\/p>\n<!-- \/wp:paragraph -->\n\n<!-- wp:social-links {\"iconColor\":\"black\",\"iconColorValue\":\"#000000\",\"className\":\"is-style-logos-only\",\"layout\":{\"type\":\"flex\",\"justifyContent\":\"left\"}} -->\n<ul class=\"wp-block-social-links has-icon-color is-style-logos-only\"><!-- wp:social-link {\"url\":\"https:\/\/www.instagram.com\/homecookingadventure\/\",\"service\":\"instagram\"} \/-->\n\n<!-- wp:social-link {\"url\":\"https:\/\/www.youtube.com\/user\/homecookingvideos\",\"service\":\"youtube\"} \/-->\n\n<!-- wp:social-link {\"url\":\"https:\/\/www.pinterest.com\/homecookingadventure\",\"service\":\"pinterest\"} \/-->\n\n<!-- wp:social-link {\"url\":\"https:\/\/www.facebook.com\/homecookingadventure\/\",\"service\":\"facebook\"} \/--><\/ul>\n<!-- \/wp:social-links --><\/div><figure class=\"wp-block-media-text__media\"><img src=\"https:\/\/www.homecookingadventure.com\/wp-content\/uploads\/2022\/04\/Ella-Home-Cookig-Adventure-About-1.webp\" alt=\"Ella de Aventura de cocina casera\" class=\"wp-image-15461 size-full\"\/><\/figure><\/div>\n<!-- \/wp:media-text --><!-- wp:cover {\"url\":\"https:\/\/www.homecookingadventure.com\/wp-content\/uploads\/2022\/01\/orange_chocolate_mirror_cake_main.jpg\",\"id\":4821,\"hasParallax\":true,\"dimRatio\":50,\"contentPosition\":\"center center\",\"isDark\":false,\"align\":\"full\"} -->\n<div class=\"wp-block-cover alignfull is-light has-parallax\"><span aria-hidden=\"true\" class=\"wp-block-cover__background has-background-dim\"><\/span><div role=\"img\" class=\"wp-block-cover__image-background wp-image-4821 has-parallax\" style=\"background-position:50% 50%;background-image:url(https:\/\/www.homecookingadventure.com\/wp-content\/uploads\/2022\/01\/orange_chocolate_mirror_cake_main.jpg)\"><\/div><div class=\"wp-block-cover__inner-container\"><!-- wp:heading {\"textAlign\":\"center\",\"textColor\":\"white\",\"translatedWithWPMLTM\":\"1\"} -->\n<h2 class=\"wp-block-heading has-text-align-center has-white-color has-text-color\"><em>\u00a1No te pierdas ni una receta!<\/em><\/h2>\n<!-- \/wp:heading -->\n\n<!-- wp:mailchimp-for-wp\/form {\"id\":14514} \/--><\/div><\/div>\n<!-- \/wp:cover --><!-- wp:media-text {\"align\":\"wide\",\"mediaId\":25338,\"mediaLink\":\"https:\/\/www.homecookingadventure.com\/about-us\/ella-and-alin-at-home-cooking-adventure-copy\/\",\"mediaType\":\"image\",\"translatedWithWPMLTM\":\"1\"} -->\n<div class=\"wp-block-media-text alignwide is-stacked-on-mobile\"><figure class=\"wp-block-media-text__media\"><img src=\"https:\/\/www.homecookingadventure.com\/wp-content\/uploads\/2023\/02\/Ella-and-Alin-at-Home-Cooking-Adventure-copy.webp\" alt=\"Foto entre bastidores con Ella y Alin\" class=\"wp-image-25338 size-full\"\/><\/figure><div class=\"wp-block-media-text__content\"><!-- wp:paragraph {\"fontSize\":\"medium\",\"translatedWithWPMLTM\":\"1\"} -->\n<p class=\"has-medium-font-size\">Tengo la suerte de contar con el pleno apoyo de mi marido, Alin Marincus, que gestiona este sitio y sigue apoy\u00e1ndome en su desarrollo. Tambi\u00e9n es la persona que est\u00e1 detr\u00e1s de la c\u00e1mara de v\u00eddeo y me ha ayudado a hacer todos los v\u00eddeos de recetas. <\/p>\n<!-- \/wp:paragraph -->\n\n<!-- wp:paragraph {\"fontSize\":\"medium\",\"translatedWithWPMLTM\":\"1\"} -->\n<p class=\"has-medium-font-size\">En mi vida privada soy la feliz madre de tres ni\u00f1as maravillosas. Cuando empec\u00e9, no sab\u00eda casi nada sobre blogs y a\u00fan considero que tengo mucho que aprender. Si hubiera sabido cu\u00e1nto trabajo se necesita para desarrollar un sitio de recetas, probablemente lo habr\u00eda pospuesto, pero me alegro de no haberlo hecho. Ha sido muy gratificante elaborar todas estas recetas y la reacci\u00f3n que he tenido de todos mis seguidores ha superado mis expectativas.   <\/p>\n<!-- \/wp:paragraph -->\n\n<!-- wp:paragraph {\"fontSize\":\"medium\",\"translatedWithWPMLTM\":\"1\"} -->\n<p class=\"has-medium-font-size\">El ingl\u00e9s no es mi lengua materna, as\u00ed que s\u00e9 indulgente conmigo si se produce alg\u00fan error. Te agradecer\u00eda que si detectas alg\u00fan error me lo hicieras saber:).   <\/p>\n<!-- \/wp:paragraph -->\n\n<!-- wp:paragraph {\"fontSize\":\"medium\"} -->\n<p class=\"has-medium-font-size\"><\/p>\n<!-- \/wp:paragraph --><\/div><\/div>\n<!-- \/wp:media-text --><!-- wp:media-text {\"align\":\"wide\",\"mediaPosition\":\"right\",\"mediaId\":14864,\"mediaLink\":\"https:\/\/www.homecookingadventure.com\/about-us\/ella_photography\/\",\"mediaType\":\"image\"} -->\n<div class=\"wp-block-media-text alignwide has-media-on-the-right is-stacked-on-mobile\"><div class=\"wp-block-media-text__content\"><!-- wp:paragraph {\"placeholder\":\"Content\u2026\",\"fontSize\":\"medium\",\"translatedWithWPMLTM\":\"1\"} -->\n<p class=\"has-medium-font-size\">En cuanto a la fotograf\u00eda, tengo que admitir que es algo que descubr\u00ed s\u00f3lo despu\u00e9s de empezar este blog. A\u00fan la considero la parte m\u00e1s dif\u00edcil de este sitio web. Mis primeras fotos de recetas distan mucho de lo que suelo hacer, pero creo que he evolucionado en este cap\u00edtulo y a\u00fan me queda mucho por aprender. Estoy utilizando una c\u00e1mara sin espejo Sony A7 III y una Sony A7s MK2. A estas c\u00e1maras van unidos unos cuantos objetivos: Zeiss Loxia 35mm F 2.0, Canon EF100mm f\/2.8L macro y Sony FE 24-105mm F4.    <\/p>\n<!-- \/wp:paragraph -->\n\n<!-- wp:paragraph {\"placeholder\":\"Content\u2026\",\"fontSize\":\"medium\",\"translatedWithWPMLTM\":\"1\"} -->\n<p class=\"has-medium-font-size\">Como herramientas de edici\u00f3n para nuestros v\u00eddeos y fotos, estamos utilizando: Adobe Photoshop, Adobe Premier y Adobe After Effects.<\/p>\n<!-- \/wp:paragraph --><\/div><figure class=\"wp-block-media-text__media\"><img src=\"https:\/\/www.homecookingadventure.com-content\/uploads\/2022\/04\/ella_photography-768x1024.jpg\" alt=\"\" class=\"wp-image-14864 size-full\"\/><\/figure><\/div>\n<!-- \/wp:media-text --><!-- wp:cover {\"url\":\"https:\/\/www.homecookingadventure.com\/wp-content\/uploads\/2022\/01\/chocolate_raspberry_cake_m1.jpg\",\"id\":4694,\"dimRatio\":50,\"focalPoint\":{\"x\":\"0.44\",\"y\":\"0.28\"},\"minHeight\":252,\"minHeightUnit\":\"px\",\"isDark\":false,\"align\":\"full\"} -->\n<div class=\"wp-block-cover alignfull is-light\" style=\"min-height:252px\"><span aria-hidden=\"true\" class=\"wp-block-cover__background has-background-dim\"><\/span><img class=\"wp-block-cover__image-background wp-image-4694\" alt=\"Chocolate Raspberry Cake\" src=\"https:\/\/www.homecookingadventure.com\/wp-content\/uploads\/2022\/01\/chocolate_raspberry_cake_m1.jpg\" style=\"object-position:44% 28%\" data-object-fit=\"cover\" data-object-position=\"44% 28%\"\/><div class=\"wp-block-cover__inner-container\"><!-- wp:heading {\"textAlign\":\"center\",\"level\":5,\"textColor\":\"white\",\"translatedWithWPMLTM\":\"1\"} -->\n<h5 class=\"wp-block-heading has-text-align-center has-white-color has-text-color\"><em>En definitiva, Home Cooking Adventure trata de la pasi\u00f3n que mi marido y yo compartimos por los sabores excelentes, las especias reci\u00e9n molidas, los dulces decadentes y los platos salados. Queremos presentar nuevas formas creativas de cocinar y mostrar c\u00f3mo puedes pas\u00e1rtelo en grande en la cocina. Esperamos que disfrutes de estas recetas tanto como nosotros.  <\/em><\/h5>\n<!-- \/wp:heading --><\/div><\/div>\n<!-- \/wp:cover --><!-- wp:paragraph -->\n<p><\/p>\n<!-- \/wp:paragraph -->","protected":false},"excerpt":{"rendered":"<p>Cocinar es como pintar o escribir una canci\u00f3n. Igual que s\u00f3lo hay un n\u00famero determinado de notas o colores, s\u00f3lo hay un n\u00famero determinado de sabores: lo que te distingue es c\u00f3mo los combinas&#8221;. &#8211; Wolfgang Puck Tengo la suerte de contar con el pleno apoyo de mi marido, Alin Marincus, que gestiona este sitio &#8230;<\/p>\n","protected":false},"author":1,"featured_media":0,"parent":0,"menu_order":0,"comment_status":"open","ping_status":"closed","template":"template-1-no-sidebar.php","meta":{"wprm-recipe-roundup-name":"","wprm-recipe-roundup-description":"","lemon_limes_singe_page_hide_ad_before_page_content":"","lemon_limes_singe_page_hide_ad_after_page_content":"","lemon_limes_single_page_hide_page_header":"","lemon_limes_single_page_featured_media_position":"","lemon_limes_single_page_sub_title":"","lemon_limes_single_page_intro_label":"","lemon_limes_single_page_intro_description":"","lemon_limes_single_page_archive_header_style":"","lemon_limes_single_page_advanced_classname":"","lemon_limes_single_site_header_source":"","lemon_limes_single_custom_site_header":"0","lemon_limes_single_custom_sticky_site_header":"0","lemon_limes_single_custom_sticky_site_header_style":"scroll-up-enable","lemon_limes_single_site_footer_source":"","lemon_limes_single_custom_site_footer":"0","footnotes":""},"class_list":["post-124675","page","type-page","status-publish","hentry"],"yoast_head":"<!-- This site is optimized with the Yoast SEO plugin v25.7 - https:\/\/yoast.com\/wordpress\/plugins\/seo\/ -->\n<title>Qui\u00e9nes somos - Home Cooking Adventure<\/title>\n<meta name=\"description\" content=\"Aqu\u00ed puedes encontrar m\u00e1s informaci\u00f3n sobre nosotras. Nosotras, Alin y Ella Marincus, estamos detr\u00e1s de Home Cooking Adventure, compartiendo desde nuestra pasi\u00f3n por la cocina.\" \/>\n<meta name=\"robots\" content=\"index, follow, max-snippet:-1, max-image-preview:large, max-video-preview:-1\" \/>\n<link rel=\"canonical\" href=\"https:\/\/www.homecookingadventure.com\/es\/acerca-de\/\" \/>\n<meta property=\"og:locale\" content=\"es_ES\" \/>\n<meta property=\"og:type\" content=\"article\" \/>\n<meta property=\"og:title\" content=\"Qui\u00e9nes somos - Home Cooking Adventure\" \/>\n<meta property=\"og:description\" content=\"Aqu\u00ed puedes encontrar m\u00e1s informaci\u00f3n sobre nosotras. Nosotras, Alin y Ella Marincus, estamos detr\u00e1s de Home Cooking Adventure, compartiendo desde nuestra pasi\u00f3n por la cocina.\" \/>\n<meta property=\"og:url\" content=\"https:\/\/www.homecookingadventure.com\/es\/acerca-de\/\" \/>\n<meta property=\"og:site_name\" content=\"Home Cooking Adventure\" \/>\n<meta property=\"article:modified_time\" content=\"2025-03-04T17:07:52+00:00\" \/>\n<meta property=\"og:image\" content=\"https:\/\/www.homecookingadventure.com\/wp-content\/uploads\/2023\/02\/Ella-holding-a-Chocolate-Tres-Leches-Cake-Behind-the-scene-copy.webp\" \/>\n<meta name=\"twitter:card\" content=\"summary_large_image\" \/>\n<meta name=\"twitter:label1\" content=\"Tiempo de lectura\" \/>\n\t<meta name=\"twitter:data1\" content=\"4 minutos\" \/>\n<script type=\"application\/ld+json\" class=\"yoast-schema-graph\">{\"@context\":\"https:\/\/schema.org\",\"@graph\":[{\"@type\":\"WebPage\",\"@id\":\"https:\/\/www.homecookingadventure.com\/es\/acerca-de\/\",\"url\":\"https:\/\/www.homecookingadventure.com\/es\/acerca-de\/\",\"name\":\"Qui\u00e9nes somos - Home Cooking Adventure\",\"isPartOf\":{\"@id\":\"https:\/\/www.homecookingadventure.com\/es\/#website\"},\"primaryImageOfPage\":{\"@id\":\"https:\/\/www.homecookingadventure.com\/es\/acerca-de\/#primaryimage\"},\"image\":{\"@id\":\"https:\/\/www.homecookingadventure.com\/es\/acerca-de\/#primaryimage\"},\"thumbnailUrl\":\"https:\/\/www.homecookingadventure.com\/wp-content\/uploads\/2023\/02\/Ella-holding-a-Chocolate-Tres-Leches-Cake-Behind-the-scene-copy.webp\",\"datePublished\":\"2022-02-10T14:08:50+00:00\",\"dateModified\":\"2025-03-04T17:07:52+00:00\",\"description\":\"Aqu\u00ed puedes encontrar m\u00e1s informaci\u00f3n sobre nosotras. Nosotras, Alin y Ella Marincus, estamos detr\u00e1s de Home Cooking Adventure, compartiendo desde nuestra pasi\u00f3n por la cocina.\",\"breadcrumb\":{\"@id\":\"https:\/\/www.homecookingadventure.com\/es\/acerca-de\/#breadcrumb\"},\"inLanguage\":\"es\",\"potentialAction\":[{\"@type\":\"ReadAction\",\"target\":[\"https:\/\/www.homecookingadventure.com\/es\/acerca-de\/\"]}]},{\"@type\":\"ImageObject\",\"inLanguage\":\"es\",\"@id\":\"https:\/\/www.homecookingadventure.com\/es\/acerca-de\/#primaryimage\",\"url\":\"https:\/\/www.homecookingadventure.com\/wp-content\/uploads\/2023\/02\/Ella-holding-a-Chocolate-Tres-Leches-Cake-Behind-the-scene-copy.webp\",\"contentUrl\":\"https:\/\/www.homecookingadventure.com\/wp-content\/uploads\/2023\/02\/Ella-holding-a-Chocolate-Tres-Leches-Cake-Behind-the-scene-copy.webp\"},{\"@type\":\"BreadcrumbList\",\"@id\":\"https:\/\/www.homecookingadventure.com\/es\/acerca-de\/#breadcrumb\",\"itemListElement\":[{\"@type\":\"ListItem\",\"position\":1,\"name\":\"Home\",\"item\":\"https:\/\/www.homecookingadventure.com\/es\/\"},{\"@type\":\"ListItem\",\"position\":2,\"name\":\"Qui\u00e9nes somos\"}]},{\"@type\":\"WebSite\",\"@id\":\"https:\/\/www.homecookingadventure.com\/es\/#website\",\"url\":\"https:\/\/www.homecookingadventure.com\/es\/\",\"name\":\"Home Cooking Adventure\",\"description\":\"A Food Blog with Tested Recipes Using Everyday Ingredients\",\"publisher\":{\"@id\":\"https:\/\/www.homecookingadventure.com\/es\/#organization\"},\"potentialAction\":[{\"@type\":\"SearchAction\",\"target\":{\"@type\":\"EntryPoint\",\"urlTemplate\":\"https:\/\/www.homecookingadventure.com\/es\/?s={search_term_string}\"},\"query-input\":{\"@type\":\"PropertyValueSpecification\",\"valueRequired\":true,\"valueName\":\"search_term_string\"}}],\"inLanguage\":\"es\"},{\"@type\":\"Organization\",\"@id\":\"https:\/\/www.homecookingadventure.com\/es\/#organization\",\"name\":\"Home Cooking Adventure\",\"url\":\"https:\/\/www.homecookingadventure.com\/es\/\",\"logo\":{\"@type\":\"ImageObject\",\"inLanguage\":\"es\",\"@id\":\"https:\/\/www.homecookingadventure.com\/es\/#\/schema\/logo\/image\/\",\"url\":\"https:\/\/www.homecookingadventure.com\/wp-content\/uploads\/2023\/01\/home-cooking-adventure-logo.webp\",\"contentUrl\":\"https:\/\/www.homecookingadventure.com\/wp-content\/uploads\/2023\/01\/home-cooking-adventure-logo.webp\",\"width\":151,\"height\":80,\"caption\":\"Home Cooking Adventure\"},\"image\":{\"@id\":\"https:\/\/www.homecookingadventure.com\/es\/#\/schema\/logo\/image\/\"}}]}<\/script>\n<!-- \/ Yoast SEO plugin. -->","yoast_head_json":{"title":"Qui\u00e9nes somos - Home Cooking Adventure","description":"Aqu\u00ed puedes encontrar m\u00e1s informaci\u00f3n sobre nosotras. Nosotras, Alin y Ella Marincus, estamos detr\u00e1s de Home Cooking Adventure, compartiendo desde nuestra pasi\u00f3n por la cocina.","robots":{"index":"index","follow":"follow","max-snippet":"max-snippet:-1","max-image-preview":"max-image-preview:large","max-video-preview":"max-video-preview:-1"},"canonical":"https:\/\/www.homecookingadventure.com\/es\/acerca-de\/","og_locale":"es_ES","og_type":"article","og_title":"Qui\u00e9nes somos - Home Cooking Adventure","og_description":"Aqu\u00ed puedes encontrar m\u00e1s informaci\u00f3n sobre nosotras. Nosotras, Alin y Ella Marincus, estamos detr\u00e1s de Home Cooking Adventure, compartiendo desde nuestra pasi\u00f3n por la cocina.","og_url":"https:\/\/www.homecookingadventure.com\/es\/acerca-de\/","og_site_name":"Home Cooking Adventure","article_modified_time":"2025-03-04T17:07:52+00:00","og_image":[{"url":"https:\/\/www.homecookingadventure.com\/wp-content\/uploads\/2023\/02\/Ella-holding-a-Chocolate-Tres-Leches-Cake-Behind-the-scene-copy.webp","type":"","width":"","height":""}],"twitter_card":"summary_large_image","twitter_misc":{"Tiempo de lectura":"4 minutos"},"schema":{"@context":"https:\/\/schema.org","@graph":[{"@type":"WebPage","@id":"https:\/\/www.homecookingadventure.com\/es\/acerca-de\/","url":"https:\/\/www.homecookingadventure.com\/es\/acerca-de\/","name":"Qui\u00e9nes somos - Home Cooking Adventure","isPartOf":{"@id":"https:\/\/www.homecookingadventure.com\/es\/#website"},"primaryImageOfPage":{"@id":"https:\/\/www.homecookingadventure.com\/es\/acerca-de\/#primaryimage"},"image":{"@id":"https:\/\/www.homecookingadventure.com\/es\/acerca-de\/#primaryimage"},"thumbnailUrl":"https:\/\/www.homecookingadventure.com\/wp-content\/uploads\/2023\/02\/Ella-holding-a-Chocolate-Tres-Leches-Cake-Behind-the-scene-copy.webp","datePublished":"2022-02-10T14:08:50+00:00","dateModified":"2025-03-04T17:07:52+00:00","description":"Aqu\u00ed puedes encontrar m\u00e1s informaci\u00f3n sobre nosotras. Nosotras, Alin y Ella Marincus, estamos detr\u00e1s de Home Cooking Adventure, compartiendo desde nuestra pasi\u00f3n por la cocina.","breadcrumb":{"@id":"https:\/\/www.homecookingadventure.com\/es\/acerca-de\/#breadcrumb"},"inLanguage":"es","potentialAction":[{"@type":"ReadAction","target":["https:\/\/www.homecookingadventure.com\/es\/acerca-de\/"]}]},{"@type":"ImageObject","inLanguage":"es","@id":"https:\/\/www.homecookingadventure.com\/es\/acerca-de\/#primaryimage","url":"https:\/\/www.homecookingadventure.com\/wp-content\/uploads\/2023\/02\/Ella-holding-a-Chocolate-Tres-Leches-Cake-Behind-the-scene-copy.webp","contentUrl":"https:\/\/www.homecookingadventure.com\/wp-content\/uploads\/2023\/02\/Ella-holding-a-Chocolate-Tres-Leches-Cake-Behind-the-scene-copy.webp"},{"@type":"BreadcrumbList","@id":"https:\/\/www.homecookingadventure.com\/es\/acerca-de\/#breadcrumb","itemListElement":[{"@type":"ListItem","position":1,"name":"Home","item":"https:\/\/www.homecookingadventure.com\/es\/"},{"@type":"ListItem","position":2,"name":"Qui\u00e9nes somos"}]},{"@type":"WebSite","@id":"https:\/\/www.homecookingadventure.com\/es\/#website","url":"https:\/\/www.homecookingadventure.com\/es\/","name":"Home Cooking Adventure","description":"A Food Blog with Tested Recipes Using Everyday Ingredients","publisher":{"@id":"https:\/\/www.homecookingadventure.com\/es\/#organization"},"potentialAction":[{"@type":"SearchAction","target":{"@type":"EntryPoint","urlTemplate":"https:\/\/www.homecookingadventure.com\/es\/?s={search_term_string}"},"query-input":{"@type":"PropertyValueSpecification","valueRequired":true,"valueName":"search_term_string"}}],"inLanguage":"es"},{"@type":"Organization","@id":"https:\/\/www.homecookingadventure.com\/es\/#organization","name":"Home Cooking Adventure","url":"https:\/\/www.homecookingadventure.com\/es\/","logo":{"@type":"ImageObject","inLanguage":"es","@id":"https:\/\/www.homecookingadventure.com\/es\/#\/schema\/logo\/image\/","url":"https:\/\/www.homecookingadventure.com\/wp-content\/uploads\/2023\/01\/home-cooking-adventure-logo.webp","contentUrl":"https:\/\/www.homecookingadventure.com\/wp-content\/uploads\/2023\/01\/home-cooking-adventure-logo.webp","width":151,"height":80,"caption":"Home Cooking Adventure"},"image":{"@id":"https:\/\/www.homecookingadventure.com\/es\/#\/schema\/logo\/image\/"}}]}},"_links":{"self":[{"href":"https:\/\/www.homecookingadventure.com\/es\/wp-json\/wp\/v2\/pages\/124675","targetHints":{"allow":["GET"]}}],"collection":[{"href":"https:\/\/www.homecookingadventure.com\/es\/wp-json\/wp\/v2\/pages"}],"about":[{"href":"https:\/\/www.homecookingadventure.com\/es\/wp-json\/wp\/v2\/types\/page"}],"author":[{"embeddable":true,"href":"https:\/\/www.homecookingadventure.com\/es\/wp-json\/wp\/v2\/users\/1"}],"replies":[{"embeddable":true,"href":"https:\/\/www.homecookingadventure.com\/es\/wp-json\/wp\/v2\/comments?post=124675"}],"version-history":[{"count":6,"href":"https:\/\/www.homecookingadventure.com\/es\/wp-json\/wp\/v2\/pages\/124675\/revisions"}],"predecessor-version":[{"id":124683,"href":"https:\/\/www.homecookingadventure.com\/es\/wp-json\/wp\/v2\/pages\/124675\/revisions\/124683"}],"wp:attachment":[{"href":"https:\/\/www.homecookingadventure.com\/es\/wp-json\/wp\/v2\/media?parent=124675"}],"curies":[{"name":"wp","href":"https:\/\/api.w.org\/{rel}","templated":true}]}}