{"id":129782,"date":"2023-01-10T09:49:30","date_gmt":"2023-01-10T07:49:30","guid":{"rendered":"https:\/\/www.homecookingadventure.com\/todas-las-recetas\/"},"modified":"2025-06-10T19:38:36","modified_gmt":"2025-06-10T16:38:36","slug":"todas-las-recetas","status":"publish","type":"page","link":"https:\/\/www.homecookingadventure.com\/es\/todas-las-recetas\/","title":{"rendered":"Todas las recetas"},"content":{"rendered":"<!-- wp:search {\"label\":\"\",\"showLabel\":false,\"placeholder\":\"`Buscar una receta\",\"width\":75,\"widthUnit\":\"%\",\"buttonText\":\"Busca en\",\"buttonPosition\":\"button-inside\",\"buttonUseIcon\":true,\"align\":\"center\",\"textColor\":\"cyan-bluish-gray\"} \/-->\n\n<!-- wp:loftocean\/shortcode-styled-heading {\"content\":\"\\u003ca href=\\u0022https:\/\/www.homecookingadventure.com\/category\/baking-recipes\/\\u0022\\u003eBaking Recipes\\u003c\/a\\u003e\",\"translatedWithWPMLTM\":\"1\"} -->\n<div class=\"wp-block-loftocean-shortcode-styled-heading section-header styled-heading\"><span class=\"title-decor-line\"><\/span><h2 class=\"section-title\"><a href=\"https:\/\/www.homecookingadventure.com\/es\/category\/recetas-de-reposteria\/\">Recetas de reposter\u00eda<\/a><\/h2><span class=\"title-decor-line\"><\/span><\/div>\n<!-- \/wp:loftocean\/shortcode-styled-heading -->\n\n<!-- wp:loftocean\/shortcode-featured-category {\"list\":\"biscuit-recipes,bread-recipes,cakes,cookie-recipes,pastry-recipes,galletas-recetas,pan-recetas,pasteles,recetas-de-galletas-dulces,recetas-de-bolleria\",\"column\":\"column-5\",\"style\":\"square-img\"} \/-->\n\n<!-- wp:loftocean\/shortcode-styled-heading {\"content\":\"\\u003ca href=\\u0022https:\/\/www.homecookingadventure.com\/category\/dessert-recipes\/\\u0022\\u003eDesserts\\u003c\/a\\u003e\",\"translatedWithWPMLTM\":\"1\"} -->\n<div class=\"wp-block-loftocean-shortcode-styled-heading section-header styled-heading\"><span class=\"title-decor-line\"><\/span><h2 class=\"section-title\"><a href=\"https:\/\/www.homecookingadventure.com\/es\/category\/recetas-de-postres\/\">Postres<\/a><\/h2><span class=\"title-decor-line\"><\/span><\/div>\n<!-- \/wp:loftocean\/shortcode-styled-heading -->\n\n<!-- wp:loftocean\/shortcode-featured-category {\"list\":\"brownie-and-bar-recipes,bundt-loaf-and-pound-cake-recipes,cheesecake-recipes,chocolate-recipes,crepe-and-pancake-recipes,easy-dessert-recipes,fried-dessert-recipes,frozen-dessert-recipes,fruit-dessert-recipes,layer-cake-recipes,mini-dessert-recipes,mousse-and-mirror-cake-recipes,no-bake-dessert-recipes,donut-recipes,tart-and-pie-recipes,custard-and-pudding-recipes,muffin-and-cupcake-recipes,recetas-de-brownies-y-barras,recetas-de-bizcochos-y-panques,recetas-de-cheesecake,recetas-de-chocolate,recetas-de-crepes-y-panqueques,recetas-de-postres-faciles,recetas-de-postres-fritos,recetas-de-postres-congelados,recetas-de-postres-de-frutas,recetas-de-tortas-en-capas,recetas-de-postres-mini,recetas-de-mousse-y-tartas-de-espejo,recetas-de-postres-sin-horno,recetas-de-donas,recetas-de-tartas-y-pasteles,recetas-de-natillas-y-pudin,recetas-de-muffins-y-cupcakes\",\"column\":\"column-6\",\"style\":\"round-img\"} \/-->\n\n<!-- wp:loftocean\/shortcode-styled-heading {\"content\":\"\\u003ca href=\\u0022https:\/\/www.homecookingadventure.com\/category\/meals-and-courses-recipes\/\\u0022\\u003eMeals and Courses\\u003c\/a\\u003e\",\"translatedWithWPMLTM\":\"1\"} -->\n<div class=\"wp-block-loftocean-shortcode-styled-heading section-header styled-heading\"><span class=\"title-decor-line\"><\/span><h2 class=\"section-title\"><a href=\"https:\/\/www.homecookingadventure.com\/es\/category\/recetas-de-comidas-y-platos\/\">Comidas y cursos<\/a><\/h2><span class=\"title-decor-line\"><\/span><\/div>\n<!-- \/wp:loftocean\/shortcode-styled-heading -->\n\n<!-- wp:loftocean\/shortcode-featured-category {\"list\":\"appetizer-recipes,breakfast-recipes,budget-recipes,dessert-recipes,drink-recipes,healthy-recipes,main-dish-recipes,side-dish-recipes,potato-recipes,salad-recipes,snack-recipes,soup-recipes,recetas-de-aperitivos,desayuno,recetas-economicas,recetas-de-postres,recetas-de-bebidas,recetas-saludables,platos-principales,recetas-de-guarniciones,recetas-de-papa,recetas-de-ensaladas,recetas-de-bocadillos,recetas-de-sopas\",\"column\":\"column-6\",\"style\":\"round-img\"} \/-->\n\n<!-- wp:loftocean\/shortcode-styled-heading {\"content\":\"\\u003ca href=\\u0022https:\/\/www.homecookingadventure.com\/category\/occasion-recipes\/\\u0022\\u003eOccasion\\u003c\/a\\u003e\",\"translatedWithWPMLTM\":\"1\"} -->\n<div class=\"wp-block-loftocean-shortcode-styled-heading section-header styled-heading\"><span class=\"title-decor-line\"><\/span><h2 class=\"section-title\"><a href=\"https:\/\/www.homecookingadventure.com\/es\/category\/recetas-para-ocasiones\/\">Ocasi\u00f3n<\/a><\/h2><span class=\"title-decor-line\"><\/span><\/div>\n<!-- \/wp:loftocean\/shortcode-styled-heading -->\n\n<!-- wp:loftocean\/shortcode-featured-category {\"list\":\"birthday-recipes,valentines-day-recipes,easter-recipes,4th-of-july-recipes,halloween-recipes,thanksgiving-recipes,christmas-recipes,recetas-cumpleanos,recetas-de-san-valentin,recetas-pascua,recetas-4-de-julio,recetas-halloween,dia-de-accion-de-gracias,recetas-navidad\",\"column\":\"column-4\",\"style\":\"round-img\"} \/-->\n\n<!-- wp:loftocean\/shortcode-styled-heading {\"content\":\"\\u003ca href=\\u0022https:\/\/www.homecookingadventure.com\/category\/dietary-needs\/\\u0022\\u003eDietary Needs\\u003c\/a\\u003e\",\"translatedWithWPMLTM\":\"1\"} -->\n<div class=\"wp-block-loftocean-shortcode-styled-heading section-header styled-heading\"><span class=\"title-decor-line\"><\/span><h2 class=\"section-title\"><a href=\"https:\/\/www.homecookingadventure.com\/es\/category\/necesidades-dieteticas\/\">Necesidades alimentarias<\/a><\/h2><span class=\"title-decor-line\"><\/span><\/div>\n<!-- \/wp:loftocean\/shortcode-styled-heading -->\n\n<!-- wp:loftocean\/shortcode-featured-category {\"list\":\"egg-free-recipes,gluten-free-recipes,refined-sugar-free-recipes,vegan-recipes,vegetarian-recipes,dairy-free-recipes,sin-huevo,recetas-sin-gluten,sin-azucar-refinada,recetas-veganas,recetas-vegetarianas,sin-lacteos\",\"column\":\"column-6\",\"style\":\"round-img\"} \/-->\n\n<!-- wp:loftocean\/shortcode-styled-heading {\"content\":\"\\u003ca href=\\u0022https:\/\/www.homecookingadventure.com\/category\/cuisines\/\\u0022\\u003eCuisine\\u003c\/a\\u003e\",\"translatedWithWPMLTM\":\"1\"} -->\n<div class=\"wp-block-loftocean-shortcode-styled-heading section-header styled-heading\"><span class=\"title-decor-line\"><\/span><h2 class=\"section-title\"><a href=\"https:\/\/www.homecookingadventure.com\/es\/category\/cocinas-del-mundo\/\">Cocina<\/a><\/h2><span class=\"title-decor-line\"><\/span><\/div>\n<!-- \/wp:loftocean\/shortcode-styled-heading -->\n\n<!-- wp:columns -->\n<div class=\"wp-block-columns\"><!-- wp:column {\"width\":\"100%\"} -->\n<div class=\"wp-block-column\" style=\"flex-basis:100%\"><!-- wp:loftocean\/shortcode-featured-category {\"list\":\"american-recipes,australian-recipes,asian-recipes,european-recipes,french-recipes,italian-recipes,german-recipes,middle-eastern-recipes,mexican-recipes,romanian-recipes,spanish-recipes,recetas-americanas,recetas-australianas,recetas-asiaticas,recetas-europeas,recetas-francesas,recetas-italianas,recetas-alemanas,recetas-de-medio-oriente,recetas-mexicanas,recetas-rumanas,recetas-espanolas\",\"column\":\"column-6\",\"style\":\"round-img\"} \/--><\/div>\n<!-- \/wp:column --><\/div>\n<!-- \/wp:columns -->\n\n<!-- wp:loftocean\/shortcode-styled-heading {\"content\":\"Method\",\"translatedWithWPMLTM\":\"1\"} -->\n<div class=\"wp-block-loftocean-shortcode-styled-heading section-header styled-heading\"><span class=\"title-decor-line\"><\/span><h2 class=\"section-title\">M\u00e9todo<\/h2><span class=\"title-decor-line\"><\/span><\/div>\n<!-- \/wp:loftocean\/shortcode-styled-heading -->\n\n<!-- wp:loftocean\/shortcode-featured-category {\"list\":\"30-minute-recipes,deep-fry-recipes,grill-bbq-recipes,one-pot-one-pan-recipes,recetas-en-30-minutos,recetas-fritas,recetas-parrilla-bbq,una-olla-sarten\",\"column\":\"column-4\",\"style\":\"round-img\"} \/-->\n\n<!-- wp:loftocean\/shortcode-styled-heading {\"content\":\"\\u003ca href=\\u0022https:\/\/www.homecookingadventure.com\/category\/season-recipes\/\\u0022\\u003eSeason\\u003c\/a\\u003e\",\"translatedWithWPMLTM\":\"1\"} -->\n<div class=\"wp-block-loftocean-shortcode-styled-heading section-header styled-heading\"><span class=\"title-decor-line\"><\/span><h2 class=\"section-title\"><a href=\"https:\/\/www.homecookingadventure.com\/es\/category\/recetas-de-estacion\/\">Temporada<\/a><\/h2><span class=\"title-decor-line\"><\/span><\/div>\n<!-- \/wp:loftocean\/shortcode-styled-heading -->\n\n<!-- wp:loftocean\/shortcode-featured-category {\"list\":\"spring-recipes,fall-recipes,summer-recipes,winter-recipes,recetas-de-primavera,recetas-de-otono,recetas-de-verano,recetas-de-invierno\",\"column\":\"column-4\",\"style\":\"round-img\"} \/-->\n\n<!-- wp:loftocean\/shortcode-featured-category {\"filter\":\"post_tag\",\"list\":\"apricot-recipes,almond-recipes,apple-recipes,avocado-recipes,bacon-recipes,banana-recipes,bean-recipes,blueberry-recipes,broccoli-recipes,cabbage-recipes,caramel-recipes,carrot-recipes,cauliflower-recipes,celery-recipes,cheese-recipes,cherry-recipes,chicken-recipes,chickpea-recipes,chocolate-recipes,cinnamon-recipes,coconut-recipes,coffee-recipes,cranberry-recipes,cream-cheese-recipes,egg-recipes,fish-recipes,ginger-recipes,grape-recipes,hazelnut-recipes,honey-recipes,lemon-recipes,lime-recipes,mango-recipes,milk-recipes,mushroom-recipes,mascarpone-recipes,nutella-recipes,oatmeal-recipes,pasta-recipes,peach-recipes,peanut-butter-recipes,plum-recipes,potato-recipes,puff-pastry-recipes,pumpkin-recipes,pineapple-recipes,pecan-recipes,pear-recipes,pistachio-recipes,poppy-seed-recipes,rice-recipes,raspberry-recipes,red-pepper-recipes,spinach-recipes,strawberry-recipes,sweet-potato-recipes,tomato-recipes,vanilla-recipes,walnut-recipes,whole-wheat-recipes,yeast-recipes,yogurt-recipes,zucchini-recipes\",\"column\":\"column-7\"} \/-->","protected":false},"excerpt":{"rendered":"","protected":false},"author":1,"featured_media":98956,"parent":0,"menu_order":0,"comment_status":"closed","ping_status":"closed","template":"template-page-with-archive-header.php","meta":{"wprm-recipe-roundup-name":"","wprm-recipe-roundup-description":"","lemon_limes_singe_page_hide_ad_before_page_content":"","lemon_limes_singe_page_hide_ad_after_page_content":"","lemon_limes_single_page_hide_page_header":"","lemon_limes_single_page_featured_media_position":"","lemon_limes_single_page_sub_title":"","lemon_limes_single_page_intro_label":"","lemon_limes_single_page_intro_description":"","lemon_limes_single_page_archive_header_style":"","lemon_limes_single_page_advanced_classname":"","lemon_limes_single_site_header_source":"","lemon_limes_single_custom_site_header":"0","lemon_limes_single_custom_sticky_site_header":"0","lemon_limes_single_custom_sticky_site_header_style":"scroll-up-enable","lemon_limes_single_site_footer_source":"","lemon_limes_single_custom_site_footer":"0","footnotes":""},"class_list":["post-129782","page","type-page","status-publish","has-post-thumbnail","hentry"],"yoast_head":"<!-- This site is optimized with the Yoast SEO plugin v25.7 - https:\/\/yoast.com\/wordpress\/plugins\/seo\/ -->\n<title>Todas las recetas - Home Cooking Adventure<\/title>\n<meta name=\"description\" content=\"Explora recetas deliciosas y f\u00e1ciles, desde dulces a platos salados, elaboradas con ingredientes b\u00e1sicos y perfectas para cualquier ocasi\u00f3n.\" \/>\n<meta name=\"robots\" content=\"index, follow, max-snippet:-1, max-image-preview:large, max-video-preview:-1\" \/>\n<link rel=\"canonical\" href=\"https:\/\/www.homecookingadventure.com\/es\/todas-las-recetas\/\" \/>\n<meta property=\"og:locale\" content=\"es_ES\" \/>\n<meta property=\"og:type\" content=\"article\" \/>\n<meta property=\"og:title\" content=\"Todas las recetas - Home Cooking Adventure\" \/>\n<meta property=\"og:description\" content=\"Explora recetas deliciosas y f\u00e1ciles, desde dulces a platos salados, elaboradas con ingredientes b\u00e1sicos y perfectas para cualquier ocasi\u00f3n.\" \/>\n<meta property=\"og:url\" content=\"https:\/\/www.homecookingadventure.com\/es\/todas-las-recetas\/\" \/>\n<meta property=\"og:site_name\" content=\"Home Cooking Adventure\" \/>\n<meta property=\"article:modified_time\" content=\"2025-06-10T16:38:36+00:00\" \/>\n<meta property=\"og:image\" content=\"https:\/\/www.homecookingadventure.com\/wp-content\/uploads\/2023\/01\/all-recipes-header-1.webp\" \/>\n\t<meta property=\"og:image:width\" content=\"1200\" \/>\n\t<meta property=\"og:image:height\" content=\"375\" \/>\n\t<meta property=\"og:image:type\" content=\"image\/webp\" \/>\n<meta name=\"twitter:card\" content=\"summary_large_image\" \/>\n<meta name=\"twitter:label1\" content=\"Tiempo de lectura\" \/>\n\t<meta name=\"twitter:data1\" content=\"1 minuto\" \/>\n<script type=\"application\/ld+json\" class=\"yoast-schema-graph\">{\"@context\":\"https:\/\/schema.org\",\"@graph\":[{\"@type\":\"WebPage\",\"@id\":\"https:\/\/www.homecookingadventure.com\/es\/todas-las-recetas\/\",\"url\":\"https:\/\/www.homecookingadventure.com\/es\/todas-las-recetas\/\",\"name\":\"Todas las recetas - Home Cooking Adventure\",\"isPartOf\":{\"@id\":\"https:\/\/www.homecookingadventure.com\/es\/#website\"},\"primaryImageOfPage\":{\"@id\":\"https:\/\/www.homecookingadventure.com\/es\/todas-las-recetas\/#primaryimage\"},\"image\":{\"@id\":\"https:\/\/www.homecookingadventure.com\/es\/todas-las-recetas\/#primaryimage\"},\"thumbnailUrl\":\"https:\/\/www.homecookingadventure.com\/wp-content\/uploads\/2023\/01\/all-recipes-header-1.webp\",\"datePublished\":\"2023-01-10T07:49:30+00:00\",\"dateModified\":\"2025-06-10T16:38:36+00:00\",\"description\":\"Explora recetas deliciosas y f\u00e1ciles, desde dulces a platos salados, elaboradas con ingredientes b\u00e1sicos y perfectas para cualquier ocasi\u00f3n.\",\"breadcrumb\":{\"@id\":\"https:\/\/www.homecookingadventure.com\/es\/todas-las-recetas\/#breadcrumb\"},\"inLanguage\":\"es\",\"potentialAction\":[{\"@type\":\"ReadAction\",\"target\":[\"https:\/\/www.homecookingadventure.com\/es\/todas-las-recetas\/\"]}]},{\"@type\":\"ImageObject\",\"inLanguage\":\"es\",\"@id\":\"https:\/\/www.homecookingadventure.com\/es\/todas-las-recetas\/#primaryimage\",\"url\":\"https:\/\/www.homecookingadventure.com\/wp-content\/uploads\/2023\/01\/all-recipes-header-1.webp\",\"contentUrl\":\"https:\/\/www.homecookingadventure.com\/wp-content\/uploads\/2023\/01\/all-recipes-header-1.webp\",\"width\":1200,\"height\":375},{\"@type\":\"BreadcrumbList\",\"@id\":\"https:\/\/www.homecookingadventure.com\/es\/todas-las-recetas\/#breadcrumb\",\"itemListElement\":[{\"@type\":\"ListItem\",\"position\":1,\"name\":\"Home\",\"item\":\"https:\/\/www.homecookingadventure.com\/es\/\"},{\"@type\":\"ListItem\",\"position\":2,\"name\":\"Todas las recetas\"}]},{\"@type\":\"WebSite\",\"@id\":\"https:\/\/www.homecookingadventure.com\/es\/#website\",\"url\":\"https:\/\/www.homecookingadventure.com\/es\/\",\"name\":\"Home Cooking Adventure\",\"description\":\"A Food Blog with Tested Recipes Using Everyday Ingredients\",\"publisher\":{\"@id\":\"https:\/\/www.homecookingadventure.com\/es\/#organization\"},\"potentialAction\":[{\"@type\":\"SearchAction\",\"target\":{\"@type\":\"EntryPoint\",\"urlTemplate\":\"https:\/\/www.homecookingadventure.com\/es\/?s={search_term_string}\"},\"query-input\":{\"@type\":\"PropertyValueSpecification\",\"valueRequired\":true,\"valueName\":\"search_term_string\"}}],\"inLanguage\":\"es\"},{\"@type\":\"Organization\",\"@id\":\"https:\/\/www.homecookingadventure.com\/es\/#organization\",\"name\":\"Home Cooking Adventure\",\"url\":\"https:\/\/www.homecookingadventure.com\/es\/\",\"logo\":{\"@type\":\"ImageObject\",\"inLanguage\":\"es\",\"@id\":\"https:\/\/www.homecookingadventure.com\/es\/#\/schema\/logo\/image\/\",\"url\":\"https:\/\/www.homecookingadventure.com\/wp-content\/uploads\/2023\/01\/home-cooking-adventure-logo.webp\",\"contentUrl\":\"https:\/\/www.homecookingadventure.com\/wp-content\/uploads\/2023\/01\/home-cooking-adventure-logo.webp\",\"width\":151,\"height\":80,\"caption\":\"Home Cooking Adventure\"},\"image\":{\"@id\":\"https:\/\/www.homecookingadventure.com\/es\/#\/schema\/logo\/image\/\"}}]}<\/script>\n<!-- \/ Yoast SEO plugin. -->","yoast_head_json":{"title":"Todas las recetas - Home Cooking Adventure","description":"Explora recetas deliciosas y f\u00e1ciles, desde dulces a platos salados, elaboradas con ingredientes b\u00e1sicos y perfectas para cualquier ocasi\u00f3n.","robots":{"index":"index","follow":"follow","max-snippet":"max-snippet:-1","max-image-preview":"max-image-preview:large","max-video-preview":"max-video-preview:-1"},"canonical":"https:\/\/www.homecookingadventure.com\/es\/todas-las-recetas\/","og_locale":"es_ES","og_type":"article","og_title":"Todas las recetas - Home Cooking Adventure","og_description":"Explora recetas deliciosas y f\u00e1ciles, desde dulces a platos salados, elaboradas con ingredientes b\u00e1sicos y perfectas para cualquier ocasi\u00f3n.","og_url":"https:\/\/www.homecookingadventure.com\/es\/todas-las-recetas\/","og_site_name":"Home Cooking Adventure","article_modified_time":"2025-06-10T16:38:36+00:00","og_image":[{"width":1200,"height":375,"url":"https:\/\/www.homecookingadventure.com\/wp-content\/uploads\/2023\/01\/all-recipes-header-1.webp","type":"image\/webp"}],"twitter_card":"summary_large_image","twitter_misc":{"Tiempo de lectura":"1 minuto"},"schema":{"@context":"https:\/\/schema.org","@graph":[{"@type":"WebPage","@id":"https:\/\/www.homecookingadventure.com\/es\/todas-las-recetas\/","url":"https:\/\/www.homecookingadventure.com\/es\/todas-las-recetas\/","name":"Todas las recetas - Home Cooking Adventure","isPartOf":{"@id":"https:\/\/www.homecookingadventure.com\/es\/#website"},"primaryImageOfPage":{"@id":"https:\/\/www.homecookingadventure.com\/es\/todas-las-recetas\/#primaryimage"},"image":{"@id":"https:\/\/www.homecookingadventure.com\/es\/todas-las-recetas\/#primaryimage"},"thumbnailUrl":"https:\/\/www.homecookingadventure.com\/wp-content\/uploads\/2023\/01\/all-recipes-header-1.webp","datePublished":"2023-01-10T07:49:30+00:00","dateModified":"2025-06-10T16:38:36+00:00","description":"Explora recetas deliciosas y f\u00e1ciles, desde dulces a platos salados, elaboradas con ingredientes b\u00e1sicos y perfectas para cualquier ocasi\u00f3n.","breadcrumb":{"@id":"https:\/\/www.homecookingadventure.com\/es\/todas-las-recetas\/#breadcrumb"},"inLanguage":"es","potentialAction":[{"@type":"ReadAction","target":["https:\/\/www.homecookingadventure.com\/es\/todas-las-recetas\/"]}]},{"@type":"ImageObject","inLanguage":"es","@id":"https:\/\/www.homecookingadventure.com\/es\/todas-las-recetas\/#primaryimage","url":"https:\/\/www.homecookingadventure.com\/wp-content\/uploads\/2023\/01\/all-recipes-header-1.webp","contentUrl":"https:\/\/www.homecookingadventure.com\/wp-content\/uploads\/2023\/01\/all-recipes-header-1.webp","width":1200,"height":375},{"@type":"BreadcrumbList","@id":"https:\/\/www.homecookingadventure.com\/es\/todas-las-recetas\/#breadcrumb","itemListElement":[{"@type":"ListItem","position":1,"name":"Home","item":"https:\/\/www.homecookingadventure.com\/es\/"},{"@type":"ListItem","position":2,"name":"Todas las recetas"}]},{"@type":"WebSite","@id":"https:\/\/www.homecookingadventure.com\/es\/#website","url":"https:\/\/www.homecookingadventure.com\/es\/","name":"Home Cooking Adventure","description":"A Food Blog with Tested Recipes Using Everyday Ingredients","publisher":{"@id":"https:\/\/www.homecookingadventure.com\/es\/#organization"},"potentialAction":[{"@type":"SearchAction","target":{"@type":"EntryPoint","urlTemplate":"https:\/\/www.homecookingadventure.com\/es\/?s={search_term_string}"},"query-input":{"@type":"PropertyValueSpecification","valueRequired":true,"valueName":"search_term_string"}}],"inLanguage":"es"},{"@type":"Organization","@id":"https:\/\/www.homecookingadventure.com\/es\/#organization","name":"Home Cooking Adventure","url":"https:\/\/www.homecookingadventure.com\/es\/","logo":{"@type":"ImageObject","inLanguage":"es","@id":"https:\/\/www.homecookingadventure.com\/es\/#\/schema\/logo\/image\/","url":"https:\/\/www.homecookingadventure.com\/wp-content\/uploads\/2023\/01\/home-cooking-adventure-logo.webp","contentUrl":"https:\/\/www.homecookingadventure.com\/wp-content\/uploads\/2023\/01\/home-cooking-adventure-logo.webp","width":151,"height":80,"caption":"Home Cooking Adventure"},"image":{"@id":"https:\/\/www.homecookingadventure.com\/es\/#\/schema\/logo\/image\/"}}]}},"_links":{"self":[{"href":"https:\/\/www.homecookingadventure.com\/es\/wp-json\/wp\/v2\/pages\/129782","targetHints":{"allow":["GET"]}}],"collection":[{"href":"https:\/\/www.homecookingadventure.com\/es\/wp-json\/wp\/v2\/pages"}],"about":[{"href":"https:\/\/www.homecookingadventure.com\/es\/wp-json\/wp\/v2\/types\/page"}],"author":[{"embeddable":true,"href":"https:\/\/www.homecookingadventure.com\/es\/wp-json\/wp\/v2\/users\/1"}],"replies":[{"embeddable":true,"href":"https:\/\/www.homecookingadventure.com\/es\/wp-json\/wp\/v2\/comments?post=129782"}],"version-history":[{"count":20,"href":"https:\/\/www.homecookingadventure.com\/es\/wp-json\/wp\/v2\/pages\/129782\/revisions"}],"predecessor-version":[{"id":129865,"href":"https:\/\/www.homecookingadventure.com\/es\/wp-json\/wp\/v2\/pages\/129782\/revisions\/129865"}],"wp:featuredmedia":[{"embeddable":true,"href":"https:\/\/www.homecookingadventure.com\/es\/wp-json\/wp\/v2\/media\/98956"}],"wp:attachment":[{"href":"https:\/\/www.homecookingadventure.com\/es\/wp-json\/wp\/v2\/media?parent=129782"}],"curies":[{"name":"wp","href":"https:\/\/api.w.org\/{rel}","templated":true}]}}