{"id":146116,"date":"2023-01-10T09:49:30","date_gmt":"2023-01-10T07:49:30","guid":{"rendered":"https:\/\/www.homecookingadventure.com\/toutes-les-recettes\/"},"modified":"2026-02-18T07:27:31","modified_gmt":"2026-02-18T05:27:31","slug":"toutes-les-recettes","status":"publish","type":"page","link":"https:\/\/www.homecookingadventure.com\/fr\/toutes-les-recettes\/","title":{"rendered":"Toutes les recettes"},"content":{"rendered":"<!-- wp:search {\"label\":\"\",\"showLabel\":false,\"placeholder\":\"`Recherche d\\u0027une recette\",\"width\":75,\"widthUnit\":\"%\",\"buttonText\":\"Recherche\",\"buttonPosition\":\"button-inside\",\"buttonUseIcon\":true,\"align\":\"center\",\"textColor\":\"cyan-bluish-gray\"} \/--><!-- wp:loftocean\/shortcode-styled-heading {\"content\":\"\\u003Ca href=\\u0022https:\/\/www.homecookingadventure.com\/category\/baking-recipes\/\\u0022\\u003EBaking Recipes\\u003C\/a\\u003E\",\"translatedWithWPMLTM\":\"1\"} -->\n<div class=\"wp-block-loftocean-shortcode-styled-heading section-header styled-heading\"><span class=\"title-decor-line\"><\/span><h2 class=\"section-title\"><a href=\"https:\/\/www.homecookingadventure.com\/fr\/Categorie\/recettes-de-patisserie\/\">Recettes de p\u00e2tisserie<\/a><\/h2><span class=\"title-decor-line\"><\/span><\/div>\n<!-- \/wp:loftocean\/shortcode-styled-heading --><!-- wp:loftocean\/shortcode-featured-category {\"list\":\"biscuit-recipes,bread-recipes,cakes,cookie-recipes,pastry-recipes\",\"column\":\"column-5\",\"style\":\"square-img\"} \/--><!-- wp:loftocean\/shortcode-styled-heading {\"content\":\"\\u003Ca href=\\u0022https:\/\/www.homecookingadventure.com\/category\/dessert-recipes\/\\u0022\\u003EDesserts\\u003C\/a\\u003E\",\"translatedWithWPMLTM\":\"1\"} -->\n<div class=\"wp-block-loftocean-shortcode-styled-heading section-header styled-heading\"><span class=\"title-decor-line\"><\/span><h2 class=\"section-title\"><a href=\"https:\/\/www.homecookingadventure.com\/fr\/Categorie\/recettes-de-desserts\/\">Desserts<\/a><\/h2><span class=\"title-decor-line\"><\/span><\/div>\n<!-- \/wp:loftocean\/shortcode-styled-heading --><!-- wp:loftocean\/shortcode-featured-category {\"list\":\"brownie-and-bar-recipes,bundt-loaf-and-pound-cake-recipes,cheesecake-recipes,chocolate-recipes,crepe-and-pancake-recipes,easy-dessert-recipes,fried-dessert-recipes,frozen-dessert-recipes,fruit-dessert-recipes,layer-cake-recipes,mini-dessert-recipes,mousse-and-mirror-cake-recipes,no-bake-dessert-recipes,donut-recipes,tart-and-pie-recipes,custard-and-pudding-recipes,muffin-and-cupcake-recipes\",\"column\":\"column-6\",\"style\":\"round-img\"} \/--><!-- wp:loftocean\/shortcode-styled-heading {\"content\":\"\\u003Ca href=\\u0022https:\/\/www.homecookingadventure.com\/category\/meals-and-courses-recipes\/\\u0022\\u003EMeals and Courses\\u003C\/a\\u003E\",\"translatedWithWPMLTM\":\"1\"} -->\n<div class=\"wp-block-loftocean-shortcode-styled-heading section-header styled-heading\"><span class=\"title-decor-line\"><\/span><h2 class=\"section-title\"><a href=\"https:\/\/www.homecookingadventure.com\/fr\/Categorie\/repas-et-plats\/\">Repas et cours<\/a><\/h2><span class=\"title-decor-line\"><\/span><\/div>\n<!-- \/wp:loftocean\/shortcode-styled-heading --><!-- wp:loftocean\/shortcode-featured-category {\"list\":\"appetizer-recipes,breakfast-recipes,budget-recipes,dessert-recipes,drink-recipes,healthy-recipes,main-dish-recipes,side-dish-recipes,potato-recipes,salad-recipes,snack-recipes,soup-recipes\",\"column\":\"column-6\",\"style\":\"round-img\"} \/--><!-- wp:loftocean\/shortcode-styled-heading {\"content\":\"\\u003Ca href=\\u0022https:\/\/www.homecookingadventure.com\/category\/occasion-recipes\/\\u0022\\u003EOccasion\\u003C\/a\\u003E\",\"translatedWithWPMLTM\":\"1\"} -->\n<div class=\"wp-block-loftocean-shortcode-styled-heading section-header styled-heading\"><span class=\"title-decor-line\"><\/span><h2 class=\"section-title\"><a href=\"https:\/\/www.homecookingadventure.com\/fr\/Categorie\/occasion\/\">Occasion<\/a><\/h2><span class=\"title-decor-line\"><\/span><\/div>\n<!-- \/wp:loftocean\/shortcode-styled-heading --><!-- wp:loftocean\/shortcode-featured-category {\"list\":\"birthday-recipes,valentines-day-recipes,easter-recipes,4th-of-july-recipes,halloween-recipes,thanksgiving-recipes,christmas-recipes\",\"column\":\"column-4\",\"style\":\"round-img\"} \/--><!-- wp:loftocean\/shortcode-styled-heading {\"content\":\"\\u003Ca href=\\u0022https:\/\/www.homecookingadventure.com\/category\/dietary-needs\/\\u0022\\u003EDietary Needs\\u003C\/a\\u003E\",\"translatedWithWPMLTM\":\"1\"} -->\n<div class=\"wp-block-loftocean-shortcode-styled-heading section-header styled-heading\"><span class=\"title-decor-line\"><\/span><h2 class=\"section-title\"><a href=\"https:\/\/www.homecookingadventure.com\/fr\/Categorie\/besoins-alimentaires\/\">Besoins alimentaires<\/a><\/h2><span class=\"title-decor-line\"><\/span><\/div>\n<!-- \/wp:loftocean\/shortcode-styled-heading --><!-- wp:loftocean\/shortcode-featured-category {\"list\":\"egg-free-recipes,gluten-free-recipes,refined-sugar-free-recipes,vegan-recipes,vegetarian-recipes,dairy-free-recipes\",\"column\":\"column-6\",\"style\":\"round-img\"} \/--><!-- wp:loftocean\/shortcode-styled-heading {\"content\":\"\\u003Ca href=\\u0022https:\/\/www.homecookingadventure.com\/category\/cuisines\/\\u0022\\u003ECuisine\\u003C\/a\\u003E\",\"translatedWithWPMLTM\":\"1\"} -->\n<div class=\"wp-block-loftocean-shortcode-styled-heading section-header styled-heading\"><span class=\"title-decor-line\"><\/span><h2 class=\"section-title\"><a href=\"https:\/\/www.homecookingadventure.com\/fr\/Categorie\/cuisines\/\">Cuisine<\/a><\/h2><span class=\"title-decor-line\"><\/span><\/div>\n<!-- \/wp:loftocean\/shortcode-styled-heading --><!-- wp:columns -->\n<div class=\"wp-block-columns\"><!-- wp:column {\"width\":\"100%\"} -->\n<div class=\"wp-block-column\" style=\"flex-basis:100%\"><!-- wp:loftocean\/shortcode-featured-category {\"list\":\"american-recipes,australian-recipes,asian-recipes,european-recipes,french-recipes,italian-recipes,german-recipes,middle-eastern-recipes,mexican-recipes,romanian-recipes,spanish-recipes\",\"column\":\"column-6\",\"style\":\"round-img\"} \/--><\/div>\n<!-- \/wp:column --><\/div>\n<!-- \/wp:columns --><!-- wp:loftocean\/shortcode-styled-heading {\"content\":\"Method\",\"translatedWithWPMLTM\":\"1\"} -->\n<div class=\"wp-block-loftocean-shortcode-styled-heading section-header styled-heading\"><span class=\"title-decor-line\"><\/span><h2 class=\"section-title\">M\u00e9thode<\/h2><span class=\"title-decor-line\"><\/span><\/div>\n<!-- \/wp:loftocean\/shortcode-styled-heading --><!-- wp:loftocean\/shortcode-featured-category {\"list\":\"30-minute-recipes,deep-fry-recipes,grill-bbq-recipes,one-pot-one-pan-recipes\",\"column\":\"column-4\",\"style\":\"round-img\"} \/--><!-- wp:loftocean\/shortcode-styled-heading {\"content\":\"\\u003Ca href=\\u0022https:\/\/www.homecookingadventure.com\/category\/season-recipes\/\\u0022\\u003ESeason\\u003C\/a\\u003E\",\"translatedWithWPMLTM\":\"1\"} -->\n<div class=\"wp-block-loftocean-shortcode-styled-heading section-header styled-heading\"><span class=\"title-decor-line\"><\/span><h2 class=\"section-title\"><a href=\"https:\/\/www.homecookingadventure.com\/fr\/Categorie\/saison\/\">Saison<\/a><\/h2><span class=\"title-decor-line\"><\/span><\/div>\n<!-- \/wp:loftocean\/shortcode-styled-heading --><!-- wp:loftocean\/shortcode-featured-category {\"list\":\"spring-recipes,fall-recipes,summer-recipes,winter-recipes\",\"column\":\"column-4\",\"style\":\"round-img\"} \/--><!-- wp:loftocean\/shortcode-styled-heading {\"content\":\"Browse by Ingredients\",\"translatedWithWPMLTM\":\"1\"} -->\n<div class=\"wp-block-loftocean-shortcode-styled-heading section-header styled-heading\"><span class=\"title-decor-line\"><\/span><h2 class=\"section-title\">Parcourir par ingr\u00e9dients<\/h2><span class=\"title-decor-line\"><\/span><\/div>\n<!-- \/wp:loftocean\/shortcode-styled-heading --><!-- wp:loftocean\/shortcode-featured-category {\"filter\":\"post_tag\",\"list\":\"apricot-recipes,almond-recipes,apple-recipes,avocado-recipes,bacon-recipes,banana-recipes,bean-recipes,blueberry-recipes,broccoli-recipes,cabbage-recipes,caramel-recipes,carrot-recipes,cauliflower-recipes,celery-recipes,cheese-recipes,cherry-recipes,chicken-recipes,chickpea-recipes,chocolate-recipes,cinnamon-recipes,coconut-recipes,coffee-recipes,cranberry-recipes,cream-cheese-recipes,egg-recipes,fish-recipes,ginger-recipes,grape-recipes,hazelnut-recipes,honey-recipes,lemon-recipes,lime-recipes,mango-recipes,milk-recipes,mushroom-recipes,mascarpone-recipes,nutella-recipes,oatmeal-recipes,pasta-recipes,peach-recipes,peanut-butter-recipes,plum-recipes,potato-recipes,puff-pastry-recipes,pumpkin-recipes,pineapple-recipes,pecan-recipes,pear-recipes,pistachio-recipes,poppy-seed-recipes,rice-recipes,raspberry-recipes,red-pepper-recipes,spinach-recipes,strawberry-recipes,sweet-potato-recipes,tomato-recipes,vanilla-recipes,walnut-recipes,whole-wheat-recipes,yeast-recipes,yogurt-recipes,zucchini-recipes\",\"column\":\"column-7\"} \/-->","protected":false},"excerpt":{"rendered":"","protected":false},"author":1,"featured_media":98946,"parent":0,"menu_order":0,"comment_status":"closed","ping_status":"closed","template":"template-page-with-archive-header.php","meta":{"wprm-recipe-roundup-name":"","wprm-recipe-roundup-description":"","lemon_limes_singe_page_hide_ad_before_page_content":"","lemon_limes_singe_page_hide_ad_after_page_content":"","lemon_limes_single_page_hide_page_header":"","lemon_limes_single_page_featured_media_position":"","lemon_limes_single_page_sub_title":"","lemon_limes_single_page_intro_label":"","lemon_limes_single_page_intro_description":"","lemon_limes_single_page_archive_header_style":"","lemon_limes_single_page_advanced_classname":"","lemon_limes_single_site_header_source":"","lemon_limes_single_custom_site_header":"0","lemon_limes_single_custom_sticky_site_header":"0","lemon_limes_single_custom_sticky_site_header_style":"scroll-up-enable","lemon_limes_single_site_footer_source":"","lemon_limes_single_custom_site_footer":"0","footnotes":""},"class_list":["post-146116","page","type-page","status-publish","has-post-thumbnail","hentry"],"yoast_head":"<!-- This site is optimized with the Yoast SEO plugin v25.7 - https:\/\/yoast.com\/wordpress\/plugins\/seo\/ -->\n<title>Toutes les recettes - Home Cooking Adventure<\/title>\n<meta name=\"description\" content=\"D\u00e9couvrez des recettes d\u00e9licieuses et faciles, des sucreries aux plats sal\u00e9s, pr\u00e9par\u00e9es avec des ingr\u00e9dients de base et parfaites pour toutes les occasions.\" \/>\n<meta name=\"robots\" content=\"index, follow, max-snippet:-1, max-image-preview:large, max-video-preview:-1\" \/>\n<link rel=\"canonical\" href=\"https:\/\/www.homecookingadventure.com\/fr\/toutes-les-recettes\/\" \/>\n<meta property=\"og:locale\" content=\"fr_FR\" \/>\n<meta property=\"og:type\" content=\"article\" \/>\n<meta property=\"og:title\" content=\"Toutes les recettes - Home Cooking Adventure\" \/>\n<meta property=\"og:description\" content=\"D\u00e9couvrez des recettes d\u00e9licieuses et faciles, des sucreries aux plats sal\u00e9s, pr\u00e9par\u00e9es avec des ingr\u00e9dients de base et parfaites pour toutes les occasions.\" \/>\n<meta property=\"og:url\" content=\"https:\/\/www.homecookingadventure.com\/fr\/toutes-les-recettes\/\" \/>\n<meta property=\"og:site_name\" content=\"Home Cooking Adventure\" \/>\n<meta property=\"article:modified_time\" content=\"2026-02-18T05:27:31+00:00\" \/>\n<meta property=\"og:image\" content=\"https:\/\/www.homecookingadventure.com\/wp-content\/uploads\/2023\/01\/all-recipes-header-1.webp\" \/>\n\t<meta property=\"og:image:width\" content=\"1200\" \/>\n\t<meta property=\"og:image:height\" content=\"375\" \/>\n\t<meta property=\"og:image:type\" content=\"image\/webp\" \/>\n<meta name=\"twitter:card\" content=\"summary_large_image\" \/>\n<script type=\"application\/ld+json\" class=\"yoast-schema-graph\">{\"@context\":\"https:\/\/schema.org\",\"@graph\":[{\"@type\":\"WebPage\",\"@id\":\"https:\/\/www.homecookingadventure.com\/fr\/toutes-les-recettes\/\",\"url\":\"https:\/\/www.homecookingadventure.com\/fr\/toutes-les-recettes\/\",\"name\":\"Toutes les recettes - Home Cooking Adventure\",\"isPartOf\":{\"@id\":\"https:\/\/www.homecookingadventure.com\/fr\/#website\"},\"primaryImageOfPage\":{\"@id\":\"https:\/\/www.homecookingadventure.com\/fr\/toutes-les-recettes\/#primaryimage\"},\"image\":{\"@id\":\"https:\/\/www.homecookingadventure.com\/fr\/toutes-les-recettes\/#primaryimage\"},\"thumbnailUrl\":\"https:\/\/www.homecookingadventure.com\/wp-content\/uploads\/2023\/01\/all-recipes-header-1.webp\",\"datePublished\":\"2023-01-10T07:49:30+00:00\",\"dateModified\":\"2026-02-18T05:27:31+00:00\",\"description\":\"D\u00e9couvrez des recettes d\u00e9licieuses et faciles, des sucreries aux plats sal\u00e9s, pr\u00e9par\u00e9es avec des ingr\u00e9dients de base et parfaites pour toutes les occasions.\",\"breadcrumb\":{\"@id\":\"https:\/\/www.homecookingadventure.com\/fr\/toutes-les-recettes\/#breadcrumb\"},\"inLanguage\":\"fr-FR\",\"potentialAction\":[{\"@type\":\"ReadAction\",\"target\":[\"https:\/\/www.homecookingadventure.com\/fr\/toutes-les-recettes\/\"]}]},{\"@type\":\"ImageObject\",\"inLanguage\":\"fr-FR\",\"@id\":\"https:\/\/www.homecookingadventure.com\/fr\/toutes-les-recettes\/#primaryimage\",\"url\":\"https:\/\/www.homecookingadventure.com\/wp-content\/uploads\/2023\/01\/all-recipes-header-1.webp\",\"contentUrl\":\"https:\/\/www.homecookingadventure.com\/wp-content\/uploads\/2023\/01\/all-recipes-header-1.webp\",\"width\":1200,\"height\":375},{\"@type\":\"BreadcrumbList\",\"@id\":\"https:\/\/www.homecookingadventure.com\/fr\/toutes-les-recettes\/#breadcrumb\",\"itemListElement\":[{\"@type\":\"ListItem\",\"position\":1,\"name\":\"Home\",\"item\":\"https:\/\/www.homecookingadventure.com\/fr\/\"},{\"@type\":\"ListItem\",\"position\":2,\"name\":\"Toutes les recettes\"}]},{\"@type\":\"WebSite\",\"@id\":\"https:\/\/www.homecookingadventure.com\/fr\/#website\",\"url\":\"https:\/\/www.homecookingadventure.com\/fr\/\",\"name\":\"Home Cooking Adventure\",\"description\":\"A Food Blog with Tested Recipes Using Everyday Ingredients\",\"publisher\":{\"@id\":\"https:\/\/www.homecookingadventure.com\/fr\/#organization\"},\"potentialAction\":[{\"@type\":\"SearchAction\",\"target\":{\"@type\":\"EntryPoint\",\"urlTemplate\":\"https:\/\/www.homecookingadventure.com\/fr\/?s={search_term_string}\"},\"query-input\":{\"@type\":\"PropertyValueSpecification\",\"valueRequired\":true,\"valueName\":\"search_term_string\"}}],\"inLanguage\":\"fr-FR\"},{\"@type\":\"Organization\",\"@id\":\"https:\/\/www.homecookingadventure.com\/fr\/#organization\",\"name\":\"Home Cooking Adventure\",\"url\":\"https:\/\/www.homecookingadventure.com\/fr\/\",\"logo\":{\"@type\":\"ImageObject\",\"inLanguage\":\"fr-FR\",\"@id\":\"https:\/\/www.homecookingadventure.com\/fr\/#\/schema\/logo\/image\/\",\"url\":\"https:\/\/www.homecookingadventure.com\/wp-content\/uploads\/2023\/01\/home-cooking-adventure-logo.webp\",\"contentUrl\":\"https:\/\/www.homecookingadventure.com\/wp-content\/uploads\/2023\/01\/home-cooking-adventure-logo.webp\",\"width\":151,\"height\":80,\"caption\":\"Home Cooking Adventure\"},\"image\":{\"@id\":\"https:\/\/www.homecookingadventure.com\/fr\/#\/schema\/logo\/image\/\"}}]}<\/script>\n<!-- \/ Yoast SEO plugin. -->","yoast_head_json":{"title":"Toutes les recettes - Home Cooking Adventure","description":"D\u00e9couvrez des recettes d\u00e9licieuses et faciles, des sucreries aux plats sal\u00e9s, pr\u00e9par\u00e9es avec des ingr\u00e9dients de base et parfaites pour toutes les occasions.","robots":{"index":"index","follow":"follow","max-snippet":"max-snippet:-1","max-image-preview":"max-image-preview:large","max-video-preview":"max-video-preview:-1"},"canonical":"https:\/\/www.homecookingadventure.com\/fr\/toutes-les-recettes\/","og_locale":"fr_FR","og_type":"article","og_title":"Toutes les recettes - Home Cooking Adventure","og_description":"D\u00e9couvrez des recettes d\u00e9licieuses et faciles, des sucreries aux plats sal\u00e9s, pr\u00e9par\u00e9es avec des ingr\u00e9dients de base et parfaites pour toutes les occasions.","og_url":"https:\/\/www.homecookingadventure.com\/fr\/toutes-les-recettes\/","og_site_name":"Home Cooking Adventure","article_modified_time":"2026-02-18T05:27:31+00:00","og_image":[{"width":1200,"height":375,"url":"https:\/\/www.homecookingadventure.com\/wp-content\/uploads\/2023\/01\/all-recipes-header-1.webp","type":"image\/webp"}],"twitter_card":"summary_large_image","schema":{"@context":"https:\/\/schema.org","@graph":[{"@type":"WebPage","@id":"https:\/\/www.homecookingadventure.com\/fr\/toutes-les-recettes\/","url":"https:\/\/www.homecookingadventure.com\/fr\/toutes-les-recettes\/","name":"Toutes les recettes - Home Cooking Adventure","isPartOf":{"@id":"https:\/\/www.homecookingadventure.com\/fr\/#website"},"primaryImageOfPage":{"@id":"https:\/\/www.homecookingadventure.com\/fr\/toutes-les-recettes\/#primaryimage"},"image":{"@id":"https:\/\/www.homecookingadventure.com\/fr\/toutes-les-recettes\/#primaryimage"},"thumbnailUrl":"https:\/\/www.homecookingadventure.com\/wp-content\/uploads\/2023\/01\/all-recipes-header-1.webp","datePublished":"2023-01-10T07:49:30+00:00","dateModified":"2026-02-18T05:27:31+00:00","description":"D\u00e9couvrez des recettes d\u00e9licieuses et faciles, des sucreries aux plats sal\u00e9s, pr\u00e9par\u00e9es avec des ingr\u00e9dients de base et parfaites pour toutes les occasions.","breadcrumb":{"@id":"https:\/\/www.homecookingadventure.com\/fr\/toutes-les-recettes\/#breadcrumb"},"inLanguage":"fr-FR","potentialAction":[{"@type":"ReadAction","target":["https:\/\/www.homecookingadventure.com\/fr\/toutes-les-recettes\/"]}]},{"@type":"ImageObject","inLanguage":"fr-FR","@id":"https:\/\/www.homecookingadventure.com\/fr\/toutes-les-recettes\/#primaryimage","url":"https:\/\/www.homecookingadventure.com\/wp-content\/uploads\/2023\/01\/all-recipes-header-1.webp","contentUrl":"https:\/\/www.homecookingadventure.com\/wp-content\/uploads\/2023\/01\/all-recipes-header-1.webp","width":1200,"height":375},{"@type":"BreadcrumbList","@id":"https:\/\/www.homecookingadventure.com\/fr\/toutes-les-recettes\/#breadcrumb","itemListElement":[{"@type":"ListItem","position":1,"name":"Home","item":"https:\/\/www.homecookingadventure.com\/fr\/"},{"@type":"ListItem","position":2,"name":"Toutes les recettes"}]},{"@type":"WebSite","@id":"https:\/\/www.homecookingadventure.com\/fr\/#website","url":"https:\/\/www.homecookingadventure.com\/fr\/","name":"Home Cooking Adventure","description":"A Food Blog with Tested Recipes Using Everyday Ingredients","publisher":{"@id":"https:\/\/www.homecookingadventure.com\/fr\/#organization"},"potentialAction":[{"@type":"SearchAction","target":{"@type":"EntryPoint","urlTemplate":"https:\/\/www.homecookingadventure.com\/fr\/?s={search_term_string}"},"query-input":{"@type":"PropertyValueSpecification","valueRequired":true,"valueName":"search_term_string"}}],"inLanguage":"fr-FR"},{"@type":"Organization","@id":"https:\/\/www.homecookingadventure.com\/fr\/#organization","name":"Home Cooking Adventure","url":"https:\/\/www.homecookingadventure.com\/fr\/","logo":{"@type":"ImageObject","inLanguage":"fr-FR","@id":"https:\/\/www.homecookingadventure.com\/fr\/#\/schema\/logo\/image\/","url":"https:\/\/www.homecookingadventure.com\/wp-content\/uploads\/2023\/01\/home-cooking-adventure-logo.webp","contentUrl":"https:\/\/www.homecookingadventure.com\/wp-content\/uploads\/2023\/01\/home-cooking-adventure-logo.webp","width":151,"height":80,"caption":"Home Cooking Adventure"},"image":{"@id":"https:\/\/www.homecookingadventure.com\/fr\/#\/schema\/logo\/image\/"}}]}},"_links":{"self":[{"href":"https:\/\/www.homecookingadventure.com\/fr\/wp-json\/wp\/v2\/pages\/146116","targetHints":{"allow":["GET"]}}],"collection":[{"href":"https:\/\/www.homecookingadventure.com\/fr\/wp-json\/wp\/v2\/pages"}],"about":[{"href":"https:\/\/www.homecookingadventure.com\/fr\/wp-json\/wp\/v2\/types\/page"}],"author":[{"embeddable":true,"href":"https:\/\/www.homecookingadventure.com\/fr\/wp-json\/wp\/v2\/users\/1"}],"replies":[{"embeddable":true,"href":"https:\/\/www.homecookingadventure.com\/fr\/wp-json\/wp\/v2\/comments?post=146116"}],"version-history":[{"count":1,"href":"https:\/\/www.homecookingadventure.com\/fr\/wp-json\/wp\/v2\/pages\/146116\/revisions"}],"predecessor-version":[{"id":146117,"href":"https:\/\/www.homecookingadventure.com\/fr\/wp-json\/wp\/v2\/pages\/146116\/revisions\/146117"}],"wp:featuredmedia":[{"embeddable":true,"href":"https:\/\/www.homecookingadventure.com\/fr\/wp-json\/wp\/v2\/media\/98946"}],"wp:attachment":[{"href":"https:\/\/www.homecookingadventure.com\/fr\/wp-json\/wp\/v2\/media?parent=146116"}],"curies":[{"name":"wp","href":"https:\/\/api.w.org\/{rel}","templated":true}]}}