{"id":112815,"date":"2022-02-10T16:08:50","date_gmt":"2022-02-10T14:08:50","guid":{"rendered":"https:\/\/www.homecookingadventure.com\/despre\/"},"modified":"2025-01-09T17:31:48","modified_gmt":"2025-01-09T15:31:48","slug":"despre-noi","status":"publish","type":"page","link":"https:\/\/www.homecookingadventure.com\/ro\/despre-noi\/","title":{"rendered":"Despre noi"},"content":{"rendered":"<!-- wp:cover {\"url\":\"https:\/\/www.homecookingadventure.com\/wp-content\/uploads\/2022\/01\/cream_tart_main_1.jpg\",\"id\":4643,\"hasParallax\":true,\"dimRatio\":50,\"overlayColor\":\"black\",\"minHeight\":430,\"minHeightUnit\":\"px\",\"contentPosition\":\"center center\",\"isDark\":false,\"align\":\"full\"} -->\n<div class=\"wp-block-cover alignfull is-light has-parallax\" style=\"min-height:430px\"><span aria-hidden=\"true\" class=\"wp-block-cover__background has-black-background-color has-background-dim\"><\/span><div role=\"img\" class=\"wp-block-cover__image-background wp-image-4643 has-parallax\" style=\"background-position:50% 50%;background-image:url(https:\/\/www.homecookingadventure.com\/wp-content\/uploads\/2022\/01\/cream_tart_main_1.jpg)\"><\/div><div class=\"wp-block-cover__inner-container\"><!-- wp:heading {\"textAlign\":\"center\",\"textColor\":\"white\"} -->\n<h2 class=\"wp-block-heading has-text-align-center has-white-color has-text-color\">Bun\u0103 tuturor \u0219i bine a\u021bi venit! Eu sunt Daniela Marincus (Ella), buc\u0103t\u0103reasa \u0219i fotografa din spatele Home Cooking Adventure. <\/h2>\n<!-- \/wp:heading -->\n\n<!-- wp:paragraph -->\n<p><\/p>\n<!-- \/wp:paragraph -->\n\n<!-- wp:heading {\"textAlign\":\"center\",\"level\":5,\"textColor\":\"white\"} -->\n<h5 class=\"wp-block-heading has-text-align-center has-white-color has-text-color\"><em>Cred c\u0103 g\u0103titul este pentru toat\u0103 lumea. Chiar dac\u0103 ia timp, este o aventur\u0103, o c\u0103l\u0103torie palpitant\u0103, o experien\u021b\u0103 \u00eenc\u00e2nt\u0103toare plin\u0103 de satisfac\u021bii care se va transforma cu timpul \u00eentr-o pl\u0103cere captivant\u0103. <\/em><\/h5>\n<!-- \/wp:heading --><\/div><\/div>\n<!-- \/wp:cover -->\n\n<!-- wp:quote {\"align\":\"center\",\"className\":\"is-style-default\"} -->\n<blockquote class=\"wp-block-quote has-text-align-center is-style-default\"><!-- wp:paragraph -->\n<p>G\u0103titul este ca pictura sau scrierea unui c\u00e2ntec. <br>La fel cum exist\u0103 doar at\u00e2t de multe note sau culori, exist\u0103 doar at\u00e2t de multe arome - modul \u00een care le combini este cel care te diferen\u021biaz\u0103.\"<\/p>\n<!-- \/wp:paragraph --><cite>- Wolfgang Puck<\/cite><\/blockquote>\n<!-- \/wp:quote -->\n\n<!-- wp:gallery {\"linkTo\":\"none\"} -->\n<figure class=\"wp-block-gallery has-nested-images columns-default is-cropped\"><!-- wp:image {\"id\":25335,\"sizeSlug\":\"full\",\"linkDestination\":\"none\",\"className\":\"is-style-default\"} -->\n<figure class=\"wp-block-image size-full is-style-default\"><img src=\"https:\/\/www.homecookingadventure.com\/wp-content\/uploads\/2023\/02\/Ella-holding-a-Chocolate-Tres-Leches-Cake-Behind-the-scene-copy.webp\" alt=\"Ella \u00een studioul Home Cooking Adventure\" class=\"wp-image-25335\"\/><\/figure>\n<!-- \/wp:image -->\n\n<!-- wp:image {\"id\":25325,\"sizeSlug\":\"full\",\"linkDestination\":\"none\",\"className\":\"is-style-default\"} -->\n<figure class=\"wp-block-image size-full is-style-default\"><img src=\"https:\/\/www.homecookingadventure.com\/wp-content\/uploads\/2023\/02\/Home-Cooking-Adventure-behind-the-scene-studio-copy.webp\" alt=\"Home Cooking Adventure \u00een spatele scenei - Foto Studio\" class=\"wp-image-25325\"\/><\/figure>\n<!-- \/wp:image --><\/figure>\n<!-- \/wp:gallery -->\n\n<!-- wp:media-text {\"align\":\"wide\",\"mediaPosition\":\"right\",\"mediaId\":15461,\"mediaLink\":\"https:\/\/www.homecookingadventure.com\/about-us\/ella-home-cookig-adventure-about-1\/\",\"mediaType\":\"image\",\"style\":{\"color\":{\"background\":\"#f1f1f1\"}}} -->\n<div class=\"wp-block-media-text alignwide has-media-on-the-right is-stacked-on-mobile has-background\" style=\"background-color:#f1f1f1\"><div class=\"wp-block-media-text__content\"><!-- wp:heading {\"level\":4} -->\n<h4 class=\"wp-block-heading\"><strong>DESPRE DANIELA MARINCUS<\/strong> (ELLA)<\/h4>\n<!-- \/wp:heading -->\n\n<!-- wp:paragraph {\"placeholder\":\"Content\u2026\",\"fontSize\":\"medium\"} -->\n<p class=\"has-medium-font-size\">Am \u00eenceput acest blog\/site \u00een prim\u0103vara anului 2011 pentru a v\u0103 \u00eemp\u0103rt\u0103\u0219i pasiunea mea pentru g\u0103tit prin micile mele aventuri \u00een buc\u0103t\u0103rie. G\u0103titul mi se pare relaxant, \u00eemi place s\u0103 vorbesc cu prietenii \u0219i familia despre m\u00e2ncare \u0219i s\u0103 \u00eemp\u0103rt\u0103\u0219esc re\u021bete. Am \u00eenceput s\u0103 iubesc g\u0103titul mai ales pentru c\u0103 m\u00e2ncarea g\u0103tit\u0103 acas\u0103 este mai proasp\u0103t\u0103, mai bun\u0103 \u0219i mai s\u0103n\u0103toas\u0103. Se pare c\u0103 \u00een zilele noastre a devenit un lux pe care pu\u021bini \u0219i-l pot permite. Vie\u021bile noastre par cople\u0219itor de ocupate, iar \"fast food\" este un termen comun \u00een aceast\u0103 lume agitat\u0103.    <\/p>\n<!-- \/wp:paragraph -->\n\n<!-- wp:paragraph {\"fontSize\":\"medium\"} -->\n<p class=\"has-medium-font-size\">Am descoperit c\u0103 m\u0103 simt provocat\u0103 \u00eencerc\u00e2nd s\u0103 preg\u0103tesc m\u00e2ncarea de la zero, cum ar fi s\u0103 \u00eenv\u0103\u021b s\u0103 fac p\u00e2ine cu maia sau s\u0103 \u00eemi prepar aluatul de patiserie \u00een loc s\u0103 \u00eel cump\u0103r. De asemenea, am descoperit c\u0103 \u00eemi place foarte mult s\u0103 lucrez cu f\u0103ina, astfel c\u0103 prepararea pr\u0103jiturilor a devenit una dintre p\u0103r\u021bile mele preferate din buc\u0103t\u0103rie. <\/p>\n<!-- \/wp:paragraph -->\n\n<!-- wp:paragraph -->\n<p><strong>G\u0103si\u021bi-m\u0103 \u00een alt\u0103 parte:<\/strong><\/p>\n<!-- \/wp:paragraph -->\n\n<!-- wp:social-links {\"iconColor\":\"black\",\"iconColorValue\":\"#000000\",\"className\":\"is-style-logos-only\",\"layout\":{\"type\":\"flex\",\"justifyContent\":\"left\"}} -->\n<ul class=\"wp-block-social-links has-icon-color is-style-logos-only\"><!-- wp:social-link {\"url\":\"https:\/\/www.instagram.com\/homecookingadventure\/\",\"service\":\"instagram\"} \/-->\n\n<!-- wp:social-link {\"url\":\"https:\/\/www.youtube.com\/user\/homecookingvideos\",\"service\":\"youtube\"} \/-->\n\n<!-- wp:social-link {\"url\":\"https:\/\/www.pinterest.com\/homecookingadventure\",\"service\":\"pinterest\"} \/-->\n\n<!-- wp:social-link {\"url\":\"https:\/\/www.facebook.com\/homecookingadventure\/\",\"service\":\"facebook\"} \/--><\/ul>\n<!-- \/wp:social-links --><\/div><figure class=\"wp-block-media-text__media\"><img src=\"https:\/\/www.homecookingadventure.com\/wp-content\/uploads\/2022\/04\/Ella-Home-Cookig-Adventure-About-1.webp\" alt=\"Ella de la Home Cooking Adventure\" class=\"wp-image-15461 size-full\"\/><\/figure><\/div>\n<!-- \/wp:media-text -->\n\n<!-- wp:cover {\"url\":\"https:\/\/www.homecookingadventure.com\/wp-content\/uploads\/2022\/01\/orange_chocolate_mirror_cake_main.jpg\",\"id\":4821,\"hasParallax\":true,\"dimRatio\":50,\"contentPosition\":\"center center\",\"isDark\":false,\"align\":\"full\"} -->\n<div class=\"wp-block-cover alignfull is-light has-parallax\"><span aria-hidden=\"true\" class=\"wp-block-cover__background has-background-dim\"><\/span><div role=\"img\" class=\"wp-block-cover__image-background wp-image-4821 has-parallax\" style=\"background-position:50% 50%;background-image:url(https:\/\/www.homecookingadventure.com\/wp-content\/uploads\/2022\/01\/orange_chocolate_mirror_cake_main.jpg)\"><\/div><div class=\"wp-block-cover__inner-container\"><!-- wp:heading {\"textAlign\":\"center\",\"textColor\":\"white\"} -->\n<h2 class=\"wp-block-heading has-text-align-center has-white-color has-text-color\"><em>Nu pierde\u021bi niciodat\u0103 o re\u021bet\u0103!<\/em><\/h2>\n<!-- \/wp:heading -->\n\n<!-- wp:mailchimp-for-wp\/form {\"id\":14514} \/--><\/div><\/div>\n<!-- \/wp:cover -->\n\n<!-- wp:media-text {\"align\":\"wide\",\"mediaId\":25338,\"mediaLink\":\"https:\/\/www.homecookingadventure.com\/about-us\/ella-and-alin-at-home-cooking-adventure-copy\/\",\"mediaType\":\"image\"} -->\n<div class=\"wp-block-media-text alignwide is-stacked-on-mobile\"><figure class=\"wp-block-media-text__media\"><img src=\"https:\/\/www.homecookingadventure.com\/wp-content\/uploads\/2023\/02\/Ella-and-Alin-at-Home-Cooking-Adventure-copy.webp\" alt=\"Poza din culise cu Ella \u0219i Alin\" class=\"wp-image-25338 size-full\"\/><\/figure><div class=\"wp-block-media-text__content\"><!-- wp:paragraph {\"fontSize\":\"medium\"} -->\n<p class=\"has-medium-font-size\">Am norocul de a avea sprijinul deplin al so\u021bului meu, Alin Marincus, care administreaz\u0103 acest site \u0219i m\u0103 sprijin\u0103 \u00een continuare \u00een dezvoltarea lui. De asemenea, el este persoana din spatele camerei video \u0219i m-a ajutat s\u0103 realizez toate videoclipurile cu re\u021bete. <\/p>\n<!-- \/wp:paragraph -->\n\n<!-- wp:paragraph {\"fontSize\":\"medium\"} -->\n<p class=\"has-medium-font-size\">\u00cen via\u021ba mea privat\u0103 sunt mama fericit\u0103 a trei feti\u021be minunate. \u00cen momentul \u00een care am \u00eenceput, nu \u0219tiam aproape nimic despre blogging \u0219i \u00eenc\u0103 consider c\u0103 mai am multe de \u00eenv\u0103\u021bat. Dac\u0103 a\u0219 fi \u0219tiut c\u00e2t de mult\u0103 munc\u0103 este necesar\u0103 pentru a dezvolta un site de re\u021bete, probabil c\u0103 a\u0219 fi am\u00e2nat acest lucru, dar m\u0103 bucur c\u0103 nu am f\u0103cut-o. A fost foarte satisf\u0103c\u0103tor s\u0103 dezvolt toate aceste re\u021bete, iar reac\u021bia pe care am primit-o de la to\u021bi urm\u0103ritorii mei mi-a dep\u0103\u0219it a\u0219tept\u0103rile.   <\/p>\n<!-- \/wp:paragraph -->\n\n<!-- wp:paragraph {\"fontSize\":\"medium\"} -->\n<p class=\"has-medium-font-size\"><\/p>\n<!-- \/wp:paragraph -->\n\n<!-- wp:paragraph {\"fontSize\":\"medium\"} -->\n<p class=\"has-medium-font-size\"><\/p>\n<!-- \/wp:paragraph --><\/div><\/div>\n<!-- \/wp:media-text -->\n\n<!-- wp:media-text {\"align\":\"wide\",\"mediaPosition\":\"right\",\"mediaId\":14864,\"mediaLink\":\"https:\/\/www.homecookingadventure.com\/about-us\/ella_photography\/\",\"mediaType\":\"image\"} -->\n<div class=\"wp-block-media-text alignwide has-media-on-the-right is-stacked-on-mobile\"><div class=\"wp-block-media-text__content\"><!-- wp:paragraph {\"placeholder\":\"Content\u2026\",\"fontSize\":\"medium\"} -->\n<p class=\"has-medium-font-size\">\u00cen ceea ce prive\u0219te fotografia, trebuie s\u0103 recunosc c\u0103 este ceva ce am descoperit abia dup\u0103 ce am \u00eenceput acest blog. \u00cenc\u0103 o consider cea mai dificil\u0103 parte a acestui proiect. Fotografiile primelor mele re\u021bete sunt departe de ceea ce tind eu s\u0103 fac, dar cred c\u0103 am evoluat la acest capitol \u0219i mai am multe de \u00eenv\u0103\u021bat. Folosesc un aparat foto mirrorless Sony A7 III \u0219i un Sony A7s MK2. Ata\u0219ate acestor camere avem c\u00e2teva obiective: Zeiss Loxia 35mm F 2.0, obiectivele macro Canon EF100mm f\/2.8L \u0219i Sony FE 24-105mm F4.    <\/p>\n<!-- \/wp:paragraph -->\n\n<!-- wp:paragraph {\"placeholder\":\"Content\u2026\",\"fontSize\":\"medium\"} -->\n<p class=\"has-medium-font-size\">Ca instrumente de editare pentru videoclipurile \u0219i fotografiile noastre, folosim: Adobe Photoshop, Adobe Premier \u0219i Adobe After Effects.<\/p>\n<!-- \/wp:paragraph --><\/div><figure class=\"wp-block-media-text__media\"><img src=\"https:\/\/www.homecookingadventure.com-content\/uploads\/2022\/04\/ella_photography-768x1024.jpg\" alt=\"\" class=\"wp-image-14864 size-full\"\/><\/figure><\/div>\n<!-- \/wp:media-text -->\n\n<!-- wp:cover {\"url\":\"https:\/\/www.homecookingadventure.com\/wp-content\/uploads\/2022\/01\/chocolate_raspberry_cake_m1.jpg\",\"id\":4694,\"dimRatio\":50,\"focalPoint\":{\"x\":\"0.44\",\"y\":\"0.28\"},\"minHeight\":252,\"minHeightUnit\":\"px\",\"isDark\":false,\"align\":\"full\"} -->\n<div class=\"wp-block-cover alignfull is-light\" style=\"min-height:252px\"><span aria-hidden=\"true\" class=\"wp-block-cover__background has-background-dim\"><\/span><img class=\"wp-block-cover__image-background wp-image-4694\" alt=\"Chocolate Raspberry Cake\" src=\"https:\/\/www.homecookingadventure.com\/wp-content\/uploads\/2022\/01\/chocolate_raspberry_cake_m1.jpg\" style=\"object-position:44% 28%\" data-object-fit=\"cover\" data-object-position=\"44% 28%\"\/><div class=\"wp-block-cover__inner-container\"><!-- wp:heading {\"textAlign\":\"center\",\"level\":5,\"textColor\":\"white\"} -->\n<h5 class=\"wp-block-heading has-text-align-center has-white-color has-text-color\"><em>Pe scurt, Home Cooking Adventure reflect\u0103 pasiunea mea \u0219i a so\u021bului meu pentru arome excelente, deserturi decadente \u0219i preparate savuroase. Ne dorim s\u0103 prezent\u0103m moduri creative de a g\u0103ti \u0219i s\u0103 ar\u0103t\u0103m c\u00e2t de distractiv poate fi \u00een buc\u0103t\u0103rie. Sper\u0103m s\u0103 v\u0103 bucura\u021bi de aceste re\u021bete la fel de mult ca noi!  <\/em><\/h5>\n<!-- \/wp:heading --><\/div><\/div>\n<!-- \/wp:cover -->\n\n<!-- wp:paragraph -->\n<p><\/p>\n<!-- \/wp:paragraph -->","protected":false},"excerpt":{"rendered":"<p>G\u0103titul este ca pictura sau scrierea unui c\u00e2ntec. La fel cum exist\u0103 doar at\u00e2t de multe note sau culori, exist\u0103 doar at\u00e2t de multe arome &#8211; modul \u00een care le combini este cel care te diferen\u021biaz\u0103.&#8221; &#8211; Wolfgang Puck Am norocul de a avea sprijinul deplin al so\u021bului meu, Alin Marincus, care administreaz\u0103 acest site &#8230;<\/p>\n","protected":false},"author":1,"featured_media":0,"parent":0,"menu_order":0,"comment_status":"open","ping_status":"closed","template":"template-1-no-sidebar.php","meta":{"wprm-recipe-roundup-name":"","wprm-recipe-roundup-description":"","lemon_limes_singe_page_hide_ad_before_page_content":"","lemon_limes_singe_page_hide_ad_after_page_content":"","lemon_limes_single_page_hide_page_header":"","lemon_limes_single_page_featured_media_position":"","lemon_limes_single_page_sub_title":"","lemon_limes_single_page_intro_label":"","lemon_limes_single_page_intro_description":"","lemon_limes_single_page_archive_header_style":"","lemon_limes_single_page_advanced_classname":"","lemon_limes_single_site_header_source":"","lemon_limes_single_custom_site_header":"0","lemon_limes_single_custom_sticky_site_header":"0","lemon_limes_single_custom_sticky_site_header_style":"scroll-up-enable","lemon_limes_single_site_footer_source":"","lemon_limes_single_custom_site_footer":"0","footnotes":""},"class_list":["post-112815","page","type-page","status-publish","hentry"],"yoast_head":"<!-- This site is optimized with the Yoast SEO plugin v25.7 - https:\/\/yoast.com\/wordpress\/plugins\/seo\/ -->\n<title>Despre noi - Home Cooking Adventure<\/title>\n<meta name=\"description\" content=\"Aici pute\u021bi afla mai multe despre noi. Noi Alin \u0219i Ella Marincus suntem \u00een spatele Home Cooking Adventure, \u00eemp\u0103rt\u0103\u0219ind din pasiunea noastr\u0103 pentru g\u0103tit.\" \/>\n<meta name=\"robots\" content=\"index, follow, max-snippet:-1, max-image-preview:large, max-video-preview:-1\" \/>\n<link rel=\"canonical\" href=\"https:\/\/www.homecookingadventure.com\/ro\/despre-noi\/\" \/>\n<meta property=\"og:locale\" content=\"ro_RO\" \/>\n<meta property=\"og:type\" content=\"article\" \/>\n<meta property=\"og:title\" content=\"Despre noi - Home Cooking Adventure\" \/>\n<meta property=\"og:description\" content=\"Aici pute\u021bi afla mai multe despre noi. Noi Alin \u0219i Ella Marincus suntem \u00een spatele Home Cooking Adventure, \u00eemp\u0103rt\u0103\u0219ind din pasiunea noastr\u0103 pentru g\u0103tit.\" \/>\n<meta property=\"og:url\" content=\"https:\/\/www.homecookingadventure.com\/ro\/despre-noi\/\" \/>\n<meta property=\"og:site_name\" content=\"Home Cooking Adventure\" \/>\n<meta property=\"article:modified_time\" content=\"2025-01-09T15:31:48+00:00\" \/>\n<meta property=\"og:image\" content=\"https:\/\/www.homecookingadventure.com\/wp-content\/uploads\/2023\/02\/Ella-holding-a-Chocolate-Tres-Leches-Cake-Behind-the-scene-copy.webp\" \/>\n<meta name=\"twitter:card\" content=\"summary_large_image\" \/>\n<meta name=\"twitter:label1\" content=\"Timp estimat pentru citire\" \/>\n\t<meta name=\"twitter:data1\" content=\"4 minute\" \/>\n<script type=\"application\/ld+json\" class=\"yoast-schema-graph\">{\"@context\":\"https:\/\/schema.org\",\"@graph\":[{\"@type\":\"WebPage\",\"@id\":\"https:\/\/www.homecookingadventure.com\/ro\/despre-noi\/\",\"url\":\"https:\/\/www.homecookingadventure.com\/ro\/despre-noi\/\",\"name\":\"Despre noi - Home Cooking Adventure\",\"isPartOf\":{\"@id\":\"https:\/\/www.homecookingadventure.com\/ro\/#website\"},\"primaryImageOfPage\":{\"@id\":\"https:\/\/www.homecookingadventure.com\/ro\/despre-noi\/#primaryimage\"},\"image\":{\"@id\":\"https:\/\/www.homecookingadventure.com\/ro\/despre-noi\/#primaryimage\"},\"thumbnailUrl\":\"https:\/\/www.homecookingadventure.com\/wp-content\/uploads\/2023\/02\/Ella-holding-a-Chocolate-Tres-Leches-Cake-Behind-the-scene-copy.webp\",\"datePublished\":\"2022-02-10T14:08:50+00:00\",\"dateModified\":\"2025-01-09T15:31:48+00:00\",\"description\":\"Aici pute\u021bi afla mai multe despre noi. Noi Alin \u0219i Ella Marincus suntem \u00een spatele Home Cooking Adventure, \u00eemp\u0103rt\u0103\u0219ind din pasiunea noastr\u0103 pentru g\u0103tit.\",\"breadcrumb\":{\"@id\":\"https:\/\/www.homecookingadventure.com\/ro\/despre-noi\/#breadcrumb\"},\"inLanguage\":\"ro-RO\",\"potentialAction\":[{\"@type\":\"ReadAction\",\"target\":[\"https:\/\/www.homecookingadventure.com\/ro\/despre-noi\/\"]}]},{\"@type\":\"ImageObject\",\"inLanguage\":\"ro-RO\",\"@id\":\"https:\/\/www.homecookingadventure.com\/ro\/despre-noi\/#primaryimage\",\"url\":\"https:\/\/www.homecookingadventure.com\/wp-content\/uploads\/2023\/02\/Ella-holding-a-Chocolate-Tres-Leches-Cake-Behind-the-scene-copy.webp\",\"contentUrl\":\"https:\/\/www.homecookingadventure.com\/wp-content\/uploads\/2023\/02\/Ella-holding-a-Chocolate-Tres-Leches-Cake-Behind-the-scene-copy.webp\"},{\"@type\":\"BreadcrumbList\",\"@id\":\"https:\/\/www.homecookingadventure.com\/ro\/despre-noi\/#breadcrumb\",\"itemListElement\":[{\"@type\":\"ListItem\",\"position\":1,\"name\":\"Home\",\"item\":\"https:\/\/www.homecookingadventure.com\/ro\/\"},{\"@type\":\"ListItem\",\"position\":2,\"name\":\"Despre noi\"}]},{\"@type\":\"WebSite\",\"@id\":\"https:\/\/www.homecookingadventure.com\/ro\/#website\",\"url\":\"https:\/\/www.homecookingadventure.com\/ro\/\",\"name\":\"Home Cooking Adventure\",\"description\":\"A Food Blog with Tested Recipes Using Everyday Ingredients\",\"publisher\":{\"@id\":\"https:\/\/www.homecookingadventure.com\/ro\/#organization\"},\"potentialAction\":[{\"@type\":\"SearchAction\",\"target\":{\"@type\":\"EntryPoint\",\"urlTemplate\":\"https:\/\/www.homecookingadventure.com\/ro\/?s={search_term_string}\"},\"query-input\":{\"@type\":\"PropertyValueSpecification\",\"valueRequired\":true,\"valueName\":\"search_term_string\"}}],\"inLanguage\":\"ro-RO\"},{\"@type\":\"Organization\",\"@id\":\"https:\/\/www.homecookingadventure.com\/ro\/#organization\",\"name\":\"Home Cooking Adventure\",\"url\":\"https:\/\/www.homecookingadventure.com\/ro\/\",\"logo\":{\"@type\":\"ImageObject\",\"inLanguage\":\"ro-RO\",\"@id\":\"https:\/\/www.homecookingadventure.com\/ro\/#\/schema\/logo\/image\/\",\"url\":\"https:\/\/www.homecookingadventure.com\/wp-content\/uploads\/2023\/01\/home-cooking-adventure-logo.webp\",\"contentUrl\":\"https:\/\/www.homecookingadventure.com\/wp-content\/uploads\/2023\/01\/home-cooking-adventure-logo.webp\",\"width\":151,\"height\":80,\"caption\":\"Home Cooking Adventure\"},\"image\":{\"@id\":\"https:\/\/www.homecookingadventure.com\/ro\/#\/schema\/logo\/image\/\"}}]}<\/script>\n<!-- \/ Yoast SEO plugin. -->","yoast_head_json":{"title":"Despre noi - Home Cooking Adventure","description":"Aici pute\u021bi afla mai multe despre noi. Noi Alin \u0219i Ella Marincus suntem \u00een spatele Home Cooking Adventure, \u00eemp\u0103rt\u0103\u0219ind din pasiunea noastr\u0103 pentru g\u0103tit.","robots":{"index":"index","follow":"follow","max-snippet":"max-snippet:-1","max-image-preview":"max-image-preview:large","max-video-preview":"max-video-preview:-1"},"canonical":"https:\/\/www.homecookingadventure.com\/ro\/despre-noi\/","og_locale":"ro_RO","og_type":"article","og_title":"Despre noi - Home Cooking Adventure","og_description":"Aici pute\u021bi afla mai multe despre noi. Noi Alin \u0219i Ella Marincus suntem \u00een spatele Home Cooking Adventure, \u00eemp\u0103rt\u0103\u0219ind din pasiunea noastr\u0103 pentru g\u0103tit.","og_url":"https:\/\/www.homecookingadventure.com\/ro\/despre-noi\/","og_site_name":"Home Cooking Adventure","article_modified_time":"2025-01-09T15:31:48+00:00","og_image":[{"url":"https:\/\/www.homecookingadventure.com\/wp-content\/uploads\/2023\/02\/Ella-holding-a-Chocolate-Tres-Leches-Cake-Behind-the-scene-copy.webp","type":"","width":"","height":""}],"twitter_card":"summary_large_image","twitter_misc":{"Timp estimat pentru citire":"4 minute"},"schema":{"@context":"https:\/\/schema.org","@graph":[{"@type":"WebPage","@id":"https:\/\/www.homecookingadventure.com\/ro\/despre-noi\/","url":"https:\/\/www.homecookingadventure.com\/ro\/despre-noi\/","name":"Despre noi - Home Cooking Adventure","isPartOf":{"@id":"https:\/\/www.homecookingadventure.com\/ro\/#website"},"primaryImageOfPage":{"@id":"https:\/\/www.homecookingadventure.com\/ro\/despre-noi\/#primaryimage"},"image":{"@id":"https:\/\/www.homecookingadventure.com\/ro\/despre-noi\/#primaryimage"},"thumbnailUrl":"https:\/\/www.homecookingadventure.com\/wp-content\/uploads\/2023\/02\/Ella-holding-a-Chocolate-Tres-Leches-Cake-Behind-the-scene-copy.webp","datePublished":"2022-02-10T14:08:50+00:00","dateModified":"2025-01-09T15:31:48+00:00","description":"Aici pute\u021bi afla mai multe despre noi. Noi Alin \u0219i Ella Marincus suntem \u00een spatele Home Cooking Adventure, \u00eemp\u0103rt\u0103\u0219ind din pasiunea noastr\u0103 pentru g\u0103tit.","breadcrumb":{"@id":"https:\/\/www.homecookingadventure.com\/ro\/despre-noi\/#breadcrumb"},"inLanguage":"ro-RO","potentialAction":[{"@type":"ReadAction","target":["https:\/\/www.homecookingadventure.com\/ro\/despre-noi\/"]}]},{"@type":"ImageObject","inLanguage":"ro-RO","@id":"https:\/\/www.homecookingadventure.com\/ro\/despre-noi\/#primaryimage","url":"https:\/\/www.homecookingadventure.com\/wp-content\/uploads\/2023\/02\/Ella-holding-a-Chocolate-Tres-Leches-Cake-Behind-the-scene-copy.webp","contentUrl":"https:\/\/www.homecookingadventure.com\/wp-content\/uploads\/2023\/02\/Ella-holding-a-Chocolate-Tres-Leches-Cake-Behind-the-scene-copy.webp"},{"@type":"BreadcrumbList","@id":"https:\/\/www.homecookingadventure.com\/ro\/despre-noi\/#breadcrumb","itemListElement":[{"@type":"ListItem","position":1,"name":"Home","item":"https:\/\/www.homecookingadventure.com\/ro\/"},{"@type":"ListItem","position":2,"name":"Despre noi"}]},{"@type":"WebSite","@id":"https:\/\/www.homecookingadventure.com\/ro\/#website","url":"https:\/\/www.homecookingadventure.com\/ro\/","name":"Home Cooking Adventure","description":"A Food Blog with Tested Recipes Using Everyday Ingredients","publisher":{"@id":"https:\/\/www.homecookingadventure.com\/ro\/#organization"},"potentialAction":[{"@type":"SearchAction","target":{"@type":"EntryPoint","urlTemplate":"https:\/\/www.homecookingadventure.com\/ro\/?s={search_term_string}"},"query-input":{"@type":"PropertyValueSpecification","valueRequired":true,"valueName":"search_term_string"}}],"inLanguage":"ro-RO"},{"@type":"Organization","@id":"https:\/\/www.homecookingadventure.com\/ro\/#organization","name":"Home Cooking Adventure","url":"https:\/\/www.homecookingadventure.com\/ro\/","logo":{"@type":"ImageObject","inLanguage":"ro-RO","@id":"https:\/\/www.homecookingadventure.com\/ro\/#\/schema\/logo\/image\/","url":"https:\/\/www.homecookingadventure.com\/wp-content\/uploads\/2023\/01\/home-cooking-adventure-logo.webp","contentUrl":"https:\/\/www.homecookingadventure.com\/wp-content\/uploads\/2023\/01\/home-cooking-adventure-logo.webp","width":151,"height":80,"caption":"Home Cooking Adventure"},"image":{"@id":"https:\/\/www.homecookingadventure.com\/ro\/#\/schema\/logo\/image\/"}}]}},"_links":{"self":[{"href":"https:\/\/www.homecookingadventure.com\/ro\/wp-json\/wp\/v2\/pages\/112815","targetHints":{"allow":["GET"]}}],"collection":[{"href":"https:\/\/www.homecookingadventure.com\/ro\/wp-json\/wp\/v2\/pages"}],"about":[{"href":"https:\/\/www.homecookingadventure.com\/ro\/wp-json\/wp\/v2\/types\/page"}],"author":[{"embeddable":true,"href":"https:\/\/www.homecookingadventure.com\/ro\/wp-json\/wp\/v2\/users\/1"}],"replies":[{"embeddable":true,"href":"https:\/\/www.homecookingadventure.com\/ro\/wp-json\/wp\/v2\/comments?post=112815"}],"version-history":[{"count":10,"href":"https:\/\/www.homecookingadventure.com\/ro\/wp-json\/wp\/v2\/pages\/112815\/revisions"}],"predecessor-version":[{"id":119878,"href":"https:\/\/www.homecookingadventure.com\/ro\/wp-json\/wp\/v2\/pages\/112815\/revisions\/119878"}],"wp:attachment":[{"href":"https:\/\/www.homecookingadventure.com\/ro\/wp-json\/wp\/v2\/media?parent=112815"}],"curies":[{"name":"wp","href":"https:\/\/api.w.org\/{rel}","templated":true}]}}