{"id":119840,"date":"2022-03-28T16:34:11","date_gmt":"2022-03-28T13:34:11","guid":{"rendered":"https:\/\/www.homecookingadventure.com\/persoana-de-contact\/"},"modified":"2025-01-09T17:29:02","modified_gmt":"2025-01-09T15:29:02","slug":"contact","status":"publish","type":"page","link":"https:\/\/www.homecookingadventure.com\/ro\/contact\/","title":{"rendered":"Contact"},"content":{"rendered":"<!-- wp:heading {\"textAlign\":\"center\",\"level\":5,\"translatedWithWPMLTM\":\"1\"} -->\n<h5 class=\"has-text-align-center\"><em>Ne bucur\u0103m s\u0103 primim ve\u0219ti de la tine! <\/em><\/h5>\n<!-- \/wp:heading --><!-- wp:list -->\n<ul><!-- wp:list-item {\"translatedWithWPMLTM\":\"1\"} -->\n<li>Pentru toate solicit\u0103rile de colaborare, v\u0103 rug\u0103m s\u0103 ne contacta\u021bi la<a href=\"mailto:info@homecookingadventure.com\" target=\"_blank\" rel=\"noreferrer noopener\">info@homecookingadventure.com<\/a><\/li>\n<!-- \/wp:list-item -->\n\n<!-- wp:list-item {\"translatedWithWPMLTM\":\"1\"} -->\n<li>\u00centreb\u0103ri generale despre re\u021bete? V\u0103 rug\u0103m s\u0103 trimite\u021bi \u00eentrebarea dvs. prin intermediul formularului de mai jos. <\/li>\n<!-- \/wp:list-item --><\/ul>\n<!-- \/wp:list --><!-- wp:contact-form-7\/contact-form-selector {\"translatedWithWPMLTM\":\"1\"} -->\n<div class=\"wp-block-contact-form-7-contact-form-selector\">[contact-form-7 id=\"14742\" title=\"Formular de contact HCA\"]<\/div>\n<!-- \/wp:contact-form-7\/contact-form-selector -->","protected":false},"excerpt":{"rendered":"<p>Ne bucur\u0103m s\u0103 primim ve\u0219ti de la tine!<\/p>\n","protected":false},"author":1,"featured_media":96099,"parent":0,"menu_order":0,"comment_status":"closed","ping_status":"closed","template":"template-1-no-sidebar.php","meta":{"wprm-recipe-roundup-name":"","wprm-recipe-roundup-description":"","lemon_limes_singe_page_hide_ad_before_page_content":"","lemon_limes_singe_page_hide_ad_after_page_content":"","lemon_limes_single_page_hide_page_header":"","lemon_limes_single_page_featured_media_position":"","lemon_limes_single_page_sub_title":"","lemon_limes_single_page_intro_label":"","lemon_limes_single_page_intro_description":"","lemon_limes_single_page_archive_header_style":"","lemon_limes_single_page_advanced_classname":"","lemon_limes_single_site_header_source":"","lemon_limes_single_custom_site_header":"0","lemon_limes_single_custom_sticky_site_header":"0","lemon_limes_single_custom_sticky_site_header_style":"scroll-up-enable","lemon_limes_single_site_footer_source":"","lemon_limes_single_custom_site_footer":"0","footnotes":""},"class_list":["post-119840","page","type-page","status-publish","has-post-thumbnail","hentry"],"yoast_head":"<!-- This site is optimized with the Yoast SEO plugin v25.7 - https:\/\/yoast.com\/wordpress\/plugins\/seo\/ -->\n<title>Contact - Home Cooking Adventure<\/title>\n<meta name=\"description\" content=\"Suntem bucuro\u0219i s\u0103 primim mesaje de la voi. Pentru toate solicit\u0103rile de colaborare, v\u0103 rug\u0103m s\u0103 ne contacta\u021bi sau s\u0103 trimite\u021bi \u00eentrebarea dvs. folosind formularul furnizat.\" \/>\n<meta name=\"robots\" content=\"index, follow, max-snippet:-1, max-image-preview:large, max-video-preview:-1\" \/>\n<link rel=\"canonical\" href=\"https:\/\/www.homecookingadventure.com\/ro\/contact\/\" \/>\n<meta property=\"og:locale\" content=\"ro_RO\" \/>\n<meta property=\"og:type\" content=\"article\" \/>\n<meta property=\"og:title\" content=\"Contact - Home Cooking Adventure\" \/>\n<meta property=\"og:description\" content=\"Suntem bucuro\u0219i s\u0103 primim mesaje de la voi. Pentru toate solicit\u0103rile de colaborare, v\u0103 rug\u0103m s\u0103 ne contacta\u021bi sau s\u0103 trimite\u021bi \u00eentrebarea dvs. folosind formularul furnizat.\" \/>\n<meta property=\"og:url\" content=\"https:\/\/www.homecookingadventure.com\/ro\/contact\/\" \/>\n<meta property=\"og:site_name\" content=\"Home Cooking Adventure\" \/>\n<meta property=\"article:modified_time\" content=\"2025-01-09T15:29:02+00:00\" \/>\n<meta property=\"og:image\" content=\"https:\/\/www.homecookingadventure.com\/wp-content\/uploads\/2022\/04\/ELLA1-3.jpg\" \/>\n\t<meta property=\"og:image:width\" content=\"1024\" \/>\n\t<meta property=\"og:image:height\" content=\"1024\" \/>\n\t<meta property=\"og:image:type\" content=\"image\/jpeg\" \/>\n<meta name=\"twitter:card\" content=\"summary_large_image\" \/>\n<meta name=\"twitter:label1\" content=\"Timp estimat pentru citire\" \/>\n\t<meta name=\"twitter:data1\" content=\"1 minut\" \/>\n<script type=\"application\/ld+json\" class=\"yoast-schema-graph\">{\"@context\":\"https:\/\/schema.org\",\"@graph\":[{\"@type\":\"WebPage\",\"@id\":\"https:\/\/www.homecookingadventure.com\/ro\/contact\/\",\"url\":\"https:\/\/www.homecookingadventure.com\/ro\/contact\/\",\"name\":\"Contact - Home Cooking Adventure\",\"isPartOf\":{\"@id\":\"https:\/\/www.homecookingadventure.com\/ro\/#website\"},\"primaryImageOfPage\":{\"@id\":\"https:\/\/www.homecookingadventure.com\/ro\/contact\/#primaryimage\"},\"image\":{\"@id\":\"https:\/\/www.homecookingadventure.com\/ro\/contact\/#primaryimage\"},\"thumbnailUrl\":\"https:\/\/www.homecookingadventure.com\/wp-content\/uploads\/2022\/04\/ELLA1-3.jpg\",\"datePublished\":\"2022-03-28T13:34:11+00:00\",\"dateModified\":\"2025-01-09T15:29:02+00:00\",\"description\":\"Suntem bucuro\u0219i s\u0103 primim mesaje de la voi. Pentru toate solicit\u0103rile de colaborare, v\u0103 rug\u0103m s\u0103 ne contacta\u021bi sau s\u0103 trimite\u021bi \u00eentrebarea dvs. folosind formularul furnizat.\",\"breadcrumb\":{\"@id\":\"https:\/\/www.homecookingadventure.com\/ro\/contact\/#breadcrumb\"},\"inLanguage\":\"ro-RO\",\"potentialAction\":[{\"@type\":\"ReadAction\",\"target\":[\"https:\/\/www.homecookingadventure.com\/ro\/contact\/\"]}]},{\"@type\":\"ImageObject\",\"inLanguage\":\"ro-RO\",\"@id\":\"https:\/\/www.homecookingadventure.com\/ro\/contact\/#primaryimage\",\"url\":\"https:\/\/www.homecookingadventure.com\/wp-content\/uploads\/2022\/04\/ELLA1-3.jpg\",\"contentUrl\":\"https:\/\/www.homecookingadventure.com\/wp-content\/uploads\/2022\/04\/ELLA1-3.jpg\",\"width\":1024,\"height\":1024},{\"@type\":\"BreadcrumbList\",\"@id\":\"https:\/\/www.homecookingadventure.com\/ro\/contact\/#breadcrumb\",\"itemListElement\":[{\"@type\":\"ListItem\",\"position\":1,\"name\":\"Home\",\"item\":\"https:\/\/www.homecookingadventure.com\/ro\/\"},{\"@type\":\"ListItem\",\"position\":2,\"name\":\"Contact\"}]},{\"@type\":\"WebSite\",\"@id\":\"https:\/\/www.homecookingadventure.com\/ro\/#website\",\"url\":\"https:\/\/www.homecookingadventure.com\/ro\/\",\"name\":\"Home Cooking Adventure\",\"description\":\"A Food Blog with Tested Recipes Using Everyday Ingredients\",\"publisher\":{\"@id\":\"https:\/\/www.homecookingadventure.com\/ro\/#organization\"},\"potentialAction\":[{\"@type\":\"SearchAction\",\"target\":{\"@type\":\"EntryPoint\",\"urlTemplate\":\"https:\/\/www.homecookingadventure.com\/ro\/?s={search_term_string}\"},\"query-input\":{\"@type\":\"PropertyValueSpecification\",\"valueRequired\":true,\"valueName\":\"search_term_string\"}}],\"inLanguage\":\"ro-RO\"},{\"@type\":\"Organization\",\"@id\":\"https:\/\/www.homecookingadventure.com\/ro\/#organization\",\"name\":\"Home Cooking Adventure\",\"url\":\"https:\/\/www.homecookingadventure.com\/ro\/\",\"logo\":{\"@type\":\"ImageObject\",\"inLanguage\":\"ro-RO\",\"@id\":\"https:\/\/www.homecookingadventure.com\/ro\/#\/schema\/logo\/image\/\",\"url\":\"https:\/\/www.homecookingadventure.com\/wp-content\/uploads\/2023\/01\/home-cooking-adventure-logo.webp\",\"contentUrl\":\"https:\/\/www.homecookingadventure.com\/wp-content\/uploads\/2023\/01\/home-cooking-adventure-logo.webp\",\"width\":151,\"height\":80,\"caption\":\"Home Cooking Adventure\"},\"image\":{\"@id\":\"https:\/\/www.homecookingadventure.com\/ro\/#\/schema\/logo\/image\/\"}}]}<\/script>\n<!-- \/ Yoast SEO plugin. -->","yoast_head_json":{"title":"Contact - Home Cooking Adventure","description":"Suntem bucuro\u0219i s\u0103 primim mesaje de la voi. Pentru toate solicit\u0103rile de colaborare, v\u0103 rug\u0103m s\u0103 ne contacta\u021bi sau s\u0103 trimite\u021bi \u00eentrebarea dvs. folosind formularul furnizat.","robots":{"index":"index","follow":"follow","max-snippet":"max-snippet:-1","max-image-preview":"max-image-preview:large","max-video-preview":"max-video-preview:-1"},"canonical":"https:\/\/www.homecookingadventure.com\/ro\/contact\/","og_locale":"ro_RO","og_type":"article","og_title":"Contact - Home Cooking Adventure","og_description":"Suntem bucuro\u0219i s\u0103 primim mesaje de la voi. Pentru toate solicit\u0103rile de colaborare, v\u0103 rug\u0103m s\u0103 ne contacta\u021bi sau s\u0103 trimite\u021bi \u00eentrebarea dvs. folosind formularul furnizat.","og_url":"https:\/\/www.homecookingadventure.com\/ro\/contact\/","og_site_name":"Home Cooking Adventure","article_modified_time":"2025-01-09T15:29:02+00:00","og_image":[{"width":1024,"height":1024,"url":"https:\/\/www.homecookingadventure.com\/wp-content\/uploads\/2022\/04\/ELLA1-3.jpg","type":"image\/jpeg"}],"twitter_card":"summary_large_image","twitter_misc":{"Timp estimat pentru citire":"1 minut"},"schema":{"@context":"https:\/\/schema.org","@graph":[{"@type":"WebPage","@id":"https:\/\/www.homecookingadventure.com\/ro\/contact\/","url":"https:\/\/www.homecookingadventure.com\/ro\/contact\/","name":"Contact - Home Cooking Adventure","isPartOf":{"@id":"https:\/\/www.homecookingadventure.com\/ro\/#website"},"primaryImageOfPage":{"@id":"https:\/\/www.homecookingadventure.com\/ro\/contact\/#primaryimage"},"image":{"@id":"https:\/\/www.homecookingadventure.com\/ro\/contact\/#primaryimage"},"thumbnailUrl":"https:\/\/www.homecookingadventure.com\/wp-content\/uploads\/2022\/04\/ELLA1-3.jpg","datePublished":"2022-03-28T13:34:11+00:00","dateModified":"2025-01-09T15:29:02+00:00","description":"Suntem bucuro\u0219i s\u0103 primim mesaje de la voi. Pentru toate solicit\u0103rile de colaborare, v\u0103 rug\u0103m s\u0103 ne contacta\u021bi sau s\u0103 trimite\u021bi \u00eentrebarea dvs. folosind formularul furnizat.","breadcrumb":{"@id":"https:\/\/www.homecookingadventure.com\/ro\/contact\/#breadcrumb"},"inLanguage":"ro-RO","potentialAction":[{"@type":"ReadAction","target":["https:\/\/www.homecookingadventure.com\/ro\/contact\/"]}]},{"@type":"ImageObject","inLanguage":"ro-RO","@id":"https:\/\/www.homecookingadventure.com\/ro\/contact\/#primaryimage","url":"https:\/\/www.homecookingadventure.com\/wp-content\/uploads\/2022\/04\/ELLA1-3.jpg","contentUrl":"https:\/\/www.homecookingadventure.com\/wp-content\/uploads\/2022\/04\/ELLA1-3.jpg","width":1024,"height":1024},{"@type":"BreadcrumbList","@id":"https:\/\/www.homecookingadventure.com\/ro\/contact\/#breadcrumb","itemListElement":[{"@type":"ListItem","position":1,"name":"Home","item":"https:\/\/www.homecookingadventure.com\/ro\/"},{"@type":"ListItem","position":2,"name":"Contact"}]},{"@type":"WebSite","@id":"https:\/\/www.homecookingadventure.com\/ro\/#website","url":"https:\/\/www.homecookingadventure.com\/ro\/","name":"Home Cooking Adventure","description":"A Food Blog with Tested Recipes Using Everyday Ingredients","publisher":{"@id":"https:\/\/www.homecookingadventure.com\/ro\/#organization"},"potentialAction":[{"@type":"SearchAction","target":{"@type":"EntryPoint","urlTemplate":"https:\/\/www.homecookingadventure.com\/ro\/?s={search_term_string}"},"query-input":{"@type":"PropertyValueSpecification","valueRequired":true,"valueName":"search_term_string"}}],"inLanguage":"ro-RO"},{"@type":"Organization","@id":"https:\/\/www.homecookingadventure.com\/ro\/#organization","name":"Home Cooking Adventure","url":"https:\/\/www.homecookingadventure.com\/ro\/","logo":{"@type":"ImageObject","inLanguage":"ro-RO","@id":"https:\/\/www.homecookingadventure.com\/ro\/#\/schema\/logo\/image\/","url":"https:\/\/www.homecookingadventure.com\/wp-content\/uploads\/2023\/01\/home-cooking-adventure-logo.webp","contentUrl":"https:\/\/www.homecookingadventure.com\/wp-content\/uploads\/2023\/01\/home-cooking-adventure-logo.webp","width":151,"height":80,"caption":"Home Cooking Adventure"},"image":{"@id":"https:\/\/www.homecookingadventure.com\/ro\/#\/schema\/logo\/image\/"}}]}},"_links":{"self":[{"href":"https:\/\/www.homecookingadventure.com\/ro\/wp-json\/wp\/v2\/pages\/119840","targetHints":{"allow":["GET"]}}],"collection":[{"href":"https:\/\/www.homecookingadventure.com\/ro\/wp-json\/wp\/v2\/pages"}],"about":[{"href":"https:\/\/www.homecookingadventure.com\/ro\/wp-json\/wp\/v2\/types\/page"}],"author":[{"embeddable":true,"href":"https:\/\/www.homecookingadventure.com\/ro\/wp-json\/wp\/v2\/users\/1"}],"replies":[{"embeddable":true,"href":"https:\/\/www.homecookingadventure.com\/ro\/wp-json\/wp\/v2\/comments?post=119840"}],"version-history":[{"count":8,"href":"https:\/\/www.homecookingadventure.com\/ro\/wp-json\/wp\/v2\/pages\/119840\/revisions"}],"predecessor-version":[{"id":119876,"href":"https:\/\/www.homecookingadventure.com\/ro\/wp-json\/wp\/v2\/pages\/119840\/revisions\/119876"}],"wp:featuredmedia":[{"embeddable":true,"href":"https:\/\/www.homecookingadventure.com\/ro\/wp-json\/wp\/v2\/media\/96099"}],"wp:attachment":[{"href":"https:\/\/www.homecookingadventure.com\/ro\/wp-json\/wp\/v2\/media?parent=119840"}],"curies":[{"name":"wp","href":"https:\/\/api.w.org\/{rel}","templated":true}]}}